{"id":4271,"date":"2024-04-26T13:36:23","date_gmt":"2024-04-26T19:36:23","guid":{"rendered":"https:\/\/libreriahistoriasdebolsillo.com\/?post_type=product&#038;p=4271"},"modified":"2024-07-01T12:22:13","modified_gmt":"2024-07-01T18:22:13","slug":"viaje-alucinante-i","status":"publish","type":"product","link":"https:\/\/libreriahistoriasdebolsillo.com\/index.php\/producto\/viaje-alucinante-i\/","title":{"rendered":"Viaje alucinante I"},"content":{"rendered":"<p>Un eminente sabio, v\u00edctima de un intento de asesinato, yace en estado comatoso a causa de un co\u00e1gulo cerebral. En su mente lleva un secreto de extraordinaria importancia para la supervivencia del mundo libre. Una operaci\u00f3n significar\u00eda su muerte. Entonces, un grupo de sabios resuelve miniaturizar a un equipo de m\u00e9dicos y t\u00e9cnicos, con todos sus aparatos, e inyectarlo en el sistema circulatorio del enfermo&#8230; Pr\u00f3xima parada: el cerebro.<\/p>\n<p><b>Los lectores han dicho&#8230;<\/b><br \/>\n\u00abUna novela que demuestra todo lo que puede aportar la ciencia-ficci\u00f3n.\u00bb<\/p>\n<p>\u00abUna acertad\u00edsima combinaci\u00f3n de aventura y especulaci\u00f3n.\u00bb<\/p>\n","protected":false},"excerpt":{"rendered":"<p>Isaac Asimov<\/p>\n","protected":false},"featured_media":4272,"template":"","meta":{"_joinchat":[]},"product_brand":[],"product_cat":[40],"product_tag":[34],"class_list":{"0":"post-4271","1":"product","2":"type-product","3":"status-publish","4":"has-post-thumbnail","6":"product_cat-ciencia-ficcion","7":"product_tag-penguin-random-house","9":"first","10":"outofstock","11":"shipping-taxable","12":"purchasable","13":"product-type-simple"},"_links":{"self":[{"href":"https:\/\/libreriahistoriasdebolsillo.com\/index.php\/wp-json\/wp\/v2\/product\/4271","targetHints":{"allow":["GET"]}}],"collection":[{"href":"https:\/\/libreriahistoriasdebolsillo.com\/index.php\/wp-json\/wp\/v2\/product"}],"about":[{"href":"https:\/\/libreriahistoriasdebolsillo.com\/index.php\/wp-json\/wp\/v2\/types\/product"}],"wp:featuredmedia":[{"embeddable":true,"href":"https:\/\/libreriahistoriasdebolsillo.com\/index.php\/wp-json\/wp\/v2\/media\/4272"}],"wp:attachment":[{"href":"https:\/\/libreriahistoriasdebolsillo.com\/index.php\/wp-json\/wp\/v2\/media?parent=4271"}],"wp:term":[{"taxonomy":"product_brand","embeddable":true,"href":"https:\/\/libreriahistoriasdebolsillo.com\/index.php\/wp-json\/wp\/v2\/product_brand?post=4271"},{"taxonomy":"product_cat","embeddable":true,"href":"https:\/\/libreriahistoriasdebolsillo.com\/index.php\/wp-json\/wp\/v2\/product_cat?post=4271"},{"taxonomy":"product_tag","embeddable":true,"href":"https:\/\/libreriahistoriasdebolsillo.com\/index.php\/wp-json\/wp\/v2\/product_tag?post=4271"}],"curies":[{"name":"wp","href":"https:\/\/api.w.org\/{rel}","templated":true}]}}