{"id":4277,"date":"2024-04-26T13:42:36","date_gmt":"2024-04-26T19:42:36","guid":{"rendered":"https:\/\/libreriahistoriasdebolsillo.com\/?post_type=product&#038;p=4277"},"modified":"2024-07-01T12:21:59","modified_gmt":"2024-07-01T18:21:59","slug":"secuela-de-la-fundacion-1-los-limites-de-la-fundacion","status":"publish","type":"product","link":"https:\/\/libreriahistoriasdebolsillo.com\/index.php\/producto\/secuela-de-la-fundacion-1-los-limites-de-la-fundacion\/","title":{"rendered":"Secuela de la fundaci\u00f3n 1. Los l\u00edmites de la fundaci\u00f3n"},"content":{"rendered":"<p><b><i>Los l\u00edmites de la Fundaci\u00f3n<\/i>\u00a0es la continuaci\u00f3n de la \u00abTrilog\u00eda de la Fundaci\u00f3n\u00bb o \u00abCiclo de Tr\u00e1ntor\u00bb, la obra maestra de la ciencia ficci\u00f3n de Isaac Asimov.<\/b><\/p>\n<p>Tras una serie de intrigas pol\u00edticas, Golan Trevize se ver\u00e1 obligado a exiliarse en una astronave, en compa\u00f1\u00eda del historiador\u00a0<b>Janov Pelorat<\/b>. Pero, una vez en el espacio, ambos decidir\u00e1n dedicarse a la b\u00fasqueda del antiguo planeta Tierra&#8230;<\/p>\n","protected":false},"excerpt":{"rendered":"<p>Isaac Asimov<\/p>\n","protected":false},"featured_media":4279,"template":"","meta":{"_joinchat":[]},"product_brand":[],"product_cat":[40],"product_tag":[34],"class_list":{"0":"post-4277","1":"product","2":"type-product","3":"status-publish","4":"has-post-thumbnail","6":"product_cat-ciencia-ficcion","7":"product_tag-penguin-random-house","9":"first","10":"outofstock","11":"shipping-taxable","12":"purchasable","13":"product-type-simple"},"_links":{"self":[{"href":"https:\/\/libreriahistoriasdebolsillo.com\/index.php\/wp-json\/wp\/v2\/product\/4277","targetHints":{"allow":["GET"]}}],"collection":[{"href":"https:\/\/libreriahistoriasdebolsillo.com\/index.php\/wp-json\/wp\/v2\/product"}],"about":[{"href":"https:\/\/libreriahistoriasdebolsillo.com\/index.php\/wp-json\/wp\/v2\/types\/product"}],"wp:featuredmedia":[{"embeddable":true,"href":"https:\/\/libreriahistoriasdebolsillo.com\/index.php\/wp-json\/wp\/v2\/media\/4279"}],"wp:attachment":[{"href":"https:\/\/libreriahistoriasdebolsillo.com\/index.php\/wp-json\/wp\/v2\/media?parent=4277"}],"wp:term":[{"taxonomy":"product_brand","embeddable":true,"href":"https:\/\/libreriahistoriasdebolsillo.com\/index.php\/wp-json\/wp\/v2\/product_brand?post=4277"},{"taxonomy":"product_cat","embeddable":true,"href":"https:\/\/libreriahistoriasdebolsillo.com\/index.php\/wp-json\/wp\/v2\/product_cat?post=4277"},{"taxonomy":"product_tag","embeddable":true,"href":"https:\/\/libreriahistoriasdebolsillo.com\/index.php\/wp-json\/wp\/v2\/product_tag?post=4277"}],"curies":[{"name":"wp","href":"https:\/\/api.w.org\/{rel}","templated":true}]}}