{"id":4280,"date":"2024-04-26T13:44:17","date_gmt":"2024-04-26T19:44:17","guid":{"rendered":"https:\/\/libreriahistoriasdebolsillo.com\/?post_type=product&#038;p=4280"},"modified":"2024-07-01T12:21:52","modified_gmt":"2024-07-01T18:21:52","slug":"secuela-de-la-fundacion-2-fundacion-y-tierra","status":"publish","type":"product","link":"https:\/\/libreriahistoriasdebolsillo.com\/index.php\/producto\/secuela-de-la-fundacion-2-fundacion-y-tierra\/","title":{"rendered":"Secuela de la fundaci\u00f3n 2. Fundaci\u00f3n y tierra"},"content":{"rendered":"<p><b>La serie de ciencia ficci\u00f3n m\u00e1s le\u00edda de todos los tiempos.<\/b><\/p>\n<p><b><i>Fundaci\u00f3n y Tierra<\/i>\u00a0cierra argumentalmente el \u00abCiclo de la Fundaci\u00f3n\u00bb, as\u00ed como la secuela a la grandiosa \u00abTrilog\u00eda de la Fundaci\u00f3n\u00bb, y constituye una novela soberbia en la que vemos c\u00f3mo la Humanidad, en un lejano futuro gal\u00e1ctico, busca sus or\u00edgenes en un planeta perdido llamado Tierra.<\/b><\/p>\n<p><b>Golan Trevize<\/b>, ex consejero de la\u00a0<b>primera Fundaci\u00f3n<\/b>, se encuentra con que debe realizar una tarea formidable: determinar el futuro del desarrollo gal\u00e1ctico. Pero, \u00bfqu\u00e9 fuerza instintiva ha llevado a Trevize a esta extraordinaria idea? \u00bfProcede acaso de lo m\u00e1s profundo de la Historia antigua de otro gran mundo llamado\u00a0<b>Tierra<\/b>? Trevize debe averiguar la respuesta a estas preguntas.<\/p>\n<p>Al descubrir que toda referencia a la Tierra ha desaparecido misteriosamente de la Biblioteca Gal\u00e1ctica de\u00a0<b>Tr\u00e1ntor<\/b>, sale en busca del planeta \u00abperdido\u00bb. Y \u00e9l y sus compa\u00f1eros, el historiador\u00a0<b>Janov Pelorat<\/b>\u00a0y la hermosa gaiana Bliss, al viajar de un mundo prohibido a otro, se enfrentan audazmente a una odisea llena de peligros, de la que depender\u00e1 el destino del Imperio y de la propia Humanidad.<\/p>\n","protected":false},"excerpt":{"rendered":"<p>Isaac Asimov<\/p>\n","protected":false},"featured_media":4281,"template":"","meta":{"_joinchat":[]},"product_brand":[],"product_cat":[40],"product_tag":[34],"class_list":{"0":"post-4280","1":"product","2":"type-product","3":"status-publish","4":"has-post-thumbnail","6":"product_cat-ciencia-ficcion","7":"product_tag-penguin-random-house","9":"first","10":"outofstock","11":"shipping-taxable","12":"purchasable","13":"product-type-simple"},"_links":{"self":[{"href":"https:\/\/libreriahistoriasdebolsillo.com\/index.php\/wp-json\/wp\/v2\/product\/4280","targetHints":{"allow":["GET"]}}],"collection":[{"href":"https:\/\/libreriahistoriasdebolsillo.com\/index.php\/wp-json\/wp\/v2\/product"}],"about":[{"href":"https:\/\/libreriahistoriasdebolsillo.com\/index.php\/wp-json\/wp\/v2\/types\/product"}],"wp:featuredmedia":[{"embeddable":true,"href":"https:\/\/libreriahistoriasdebolsillo.com\/index.php\/wp-json\/wp\/v2\/media\/4281"}],"wp:attachment":[{"href":"https:\/\/libreriahistoriasdebolsillo.com\/index.php\/wp-json\/wp\/v2\/media?parent=4280"}],"wp:term":[{"taxonomy":"product_brand","embeddable":true,"href":"https:\/\/libreriahistoriasdebolsillo.com\/index.php\/wp-json\/wp\/v2\/product_brand?post=4280"},{"taxonomy":"product_cat","embeddable":true,"href":"https:\/\/libreriahistoriasdebolsillo.com\/index.php\/wp-json\/wp\/v2\/product_cat?post=4280"},{"taxonomy":"product_tag","embeddable":true,"href":"https:\/\/libreriahistoriasdebolsillo.com\/index.php\/wp-json\/wp\/v2\/product_tag?post=4280"}],"curies":[{"name":"wp","href":"https:\/\/api.w.org\/{rel}","templated":true}]}}