{"id":4282,"date":"2024-04-26T13:45:58","date_gmt":"2024-04-26T19:45:58","guid":{"rendered":"https:\/\/libreriahistoriasdebolsillo.com\/?post_type=product&#038;p=4282"},"modified":"2024-07-01T12:21:47","modified_gmt":"2024-07-01T18:21:47","slug":"trilogia-de-la-fundacion-1-fundacion","status":"publish","type":"product","link":"https:\/\/libreriahistoriasdebolsillo.com\/index.php\/producto\/trilogia-de-la-fundacion-1-fundacion\/","title":{"rendered":"Trilog\u00eda de la fundaci\u00f3n 1. Fundaci\u00f3n"},"content":{"rendered":"<p><b>Relanzamiento de las obras de Asimov con nuevas cubiertas espectaculares<\/b><\/p>\n<p>Tras milenios de colonizaci\u00f3n espacial, el hombre se ha dispersado por los planetas de la galaxia. La capital del imperio, Trantor, es centro de toda intriga y s\u00edmbolo de corrupci\u00f3n. Hari Seldon pronostica, gracias a un desarrollo prodigioso de la psicohistoria \u00abciencia basada en el estudio matem\u00e1tico de los hechos hist\u00f3ricos\u00bb, el derrumbamiento del imperio y el retorno a la barbarie.<\/p>\n<p>Ante este escenario, Seldon decide promover la creaci\u00f3n de dos Fundaciones, situadas en extremos opuestos de la galaxia, a fin de reducir lo m\u00e1s posible el aciago periodo de oscurantismo que se avecina.<\/p>\n","protected":false},"excerpt":{"rendered":"<p>Isaac Asimov<\/p>\n","protected":false},"featured_media":4283,"template":"","meta":{"_joinchat":[]},"product_brand":[],"product_cat":[40],"product_tag":[34],"class_list":{"0":"post-4282","1":"product","2":"type-product","3":"status-publish","4":"has-post-thumbnail","6":"product_cat-ciencia-ficcion","7":"product_tag-penguin-random-house","9":"first","10":"outofstock","11":"shipping-taxable","12":"purchasable","13":"product-type-simple"},"_links":{"self":[{"href":"https:\/\/libreriahistoriasdebolsillo.com\/index.php\/wp-json\/wp\/v2\/product\/4282","targetHints":{"allow":["GET"]}}],"collection":[{"href":"https:\/\/libreriahistoriasdebolsillo.com\/index.php\/wp-json\/wp\/v2\/product"}],"about":[{"href":"https:\/\/libreriahistoriasdebolsillo.com\/index.php\/wp-json\/wp\/v2\/types\/product"}],"wp:featuredmedia":[{"embeddable":true,"href":"https:\/\/libreriahistoriasdebolsillo.com\/index.php\/wp-json\/wp\/v2\/media\/4283"}],"wp:attachment":[{"href":"https:\/\/libreriahistoriasdebolsillo.com\/index.php\/wp-json\/wp\/v2\/media?parent=4282"}],"wp:term":[{"taxonomy":"product_brand","embeddable":true,"href":"https:\/\/libreriahistoriasdebolsillo.com\/index.php\/wp-json\/wp\/v2\/product_brand?post=4282"},{"taxonomy":"product_cat","embeddable":true,"href":"https:\/\/libreriahistoriasdebolsillo.com\/index.php\/wp-json\/wp\/v2\/product_cat?post=4282"},{"taxonomy":"product_tag","embeddable":true,"href":"https:\/\/libreriahistoriasdebolsillo.com\/index.php\/wp-json\/wp\/v2\/product_tag?post=4282"}],"curies":[{"name":"wp","href":"https:\/\/api.w.org\/{rel}","templated":true}]}}