{"id":4284,"date":"2024-04-26T13:47:39","date_gmt":"2024-04-26T19:47:39","guid":{"rendered":"https:\/\/libreriahistoriasdebolsillo.com\/?post_type=product&#038;p=4284"},"modified":"2024-07-01T12:21:43","modified_gmt":"2024-07-01T18:21:43","slug":"trilogia-de-la-fundacion","status":"publish","type":"product","link":"https:\/\/libreriahistoriasdebolsillo.com\/index.php\/producto\/trilogia-de-la-fundacion\/","title":{"rendered":"Trilog\u00eda de la fundaci\u00f3n"},"content":{"rendered":"<p><b>La Trilog\u00eda de la Fundaci\u00f3n est\u00e1 considerada la mejor serie de la ciencia ficci\u00f3n universal. Como tal, fue galardonada en 1966 con un premio Hugo, y ahora reunida en un \u00fanico volumen: una lectura imprescindible para los amantes del g\u00e9nero.<\/b><\/p>\n<p><b>La Trilog\u00eda de la Fundaci\u00f3n, una lectura imprescindible para los amantes de la ciencia ficci\u00f3n y galardonada en 1966 con un premio Hugo, ahora reunida en un \u00fanico volumen.<\/b><\/p>\n<p><b>Capaz de preveer la ca\u00edda del Imperio y el retorno a la barbarie durante varios milenios, el psicohistoriador Hari Seldon decide crear una Fundaci\u00f3n en un extremo de la galaxia&#8230;<\/b><\/p>\n<p>El hombre se ha dispersado por toda la galaxia. La capital del Imperio es Tr\u00e1ntor, nido de intrigas y corrupci\u00f3n. Gracias a su ciencia, fundada en el estudio matem\u00e1tico de los hechos hist\u00f3ricos y el comportamiento de las masas, el psicohistoriador Hari Seldon prev\u00e9 la ca\u00edda del Imperio y el retorno a la barbarie durante varios milenios. A fin de reducir este per\u00edodo de barbarie a mil a\u00f1os, Seldon decide crear una Fundaci\u00f3n en un extremo de la galaxia.<\/p>\n<p>El poder\u00edo de la Fundaci\u00f3n alcanza l\u00edmites insospechados, su dominio se sostiene en la energ\u00eda, la religi\u00f3n y el comercio. Sin embargo, la aparici\u00f3n del Mulo, un individuo dotado de poderes paranormales, desaf\u00eda todas las previsiones. Conquistando planeta tras planeta, le gana terreno a la Fundaci\u00f3n de manera vertiginosa. La salvaci\u00f3n de la galaxia queda en manos de una Segunda Fundaci\u00f3n totalmente secreta y cuyo emplazamiento es desconocido incluso para los dirigentes de la Primera.<\/p>\n","protected":false},"excerpt":{"rendered":"<p>Isaac Asimov<\/p>\n","protected":false},"featured_media":4285,"template":"","meta":{"_joinchat":[]},"product_brand":[],"product_cat":[40],"product_tag":[34],"class_list":{"0":"post-4284","1":"product","2":"type-product","3":"status-publish","4":"has-post-thumbnail","6":"product_cat-ciencia-ficcion","7":"product_tag-penguin-random-house","9":"first","10":"outofstock","11":"shipping-taxable","12":"purchasable","13":"product-type-simple"},"_links":{"self":[{"href":"https:\/\/libreriahistoriasdebolsillo.com\/index.php\/wp-json\/wp\/v2\/product\/4284","targetHints":{"allow":["GET"]}}],"collection":[{"href":"https:\/\/libreriahistoriasdebolsillo.com\/index.php\/wp-json\/wp\/v2\/product"}],"about":[{"href":"https:\/\/libreriahistoriasdebolsillo.com\/index.php\/wp-json\/wp\/v2\/types\/product"}],"wp:featuredmedia":[{"embeddable":true,"href":"https:\/\/libreriahistoriasdebolsillo.com\/index.php\/wp-json\/wp\/v2\/media\/4285"}],"wp:attachment":[{"href":"https:\/\/libreriahistoriasdebolsillo.com\/index.php\/wp-json\/wp\/v2\/media?parent=4284"}],"wp:term":[{"taxonomy":"product_brand","embeddable":true,"href":"https:\/\/libreriahistoriasdebolsillo.com\/index.php\/wp-json\/wp\/v2\/product_brand?post=4284"},{"taxonomy":"product_cat","embeddable":true,"href":"https:\/\/libreriahistoriasdebolsillo.com\/index.php\/wp-json\/wp\/v2\/product_cat?post=4284"},{"taxonomy":"product_tag","embeddable":true,"href":"https:\/\/libreriahistoriasdebolsillo.com\/index.php\/wp-json\/wp\/v2\/product_tag?post=4284"}],"curies":[{"name":"wp","href":"https:\/\/api.w.org\/{rel}","templated":true}]}}