{"id":4290,"date":"2024-04-26T13:58:45","date_gmt":"2024-04-26T19:58:45","guid":{"rendered":"https:\/\/libreriahistoriasdebolsillo.com\/?post_type=product&#038;p=4290"},"modified":"2024-07-01T12:22:52","modified_gmt":"2024-07-01T18:22:52","slug":"mansfield-park","status":"publish","type":"product","link":"https:\/\/libreriahistoriasdebolsillo.com\/index.php\/producto\/mansfield-park\/","title":{"rendered":"Mansfield park"},"content":{"rendered":"<p><b><i>Mansfield Park<\/i>\u00a0recrea un orden familiar y social que se deshace y restaura enga\u00f1osamente a trav\u00e9s de los ojos ambiguos de una jovencita<\/b><\/p>\n<p>La presente edici\u00f3n incluye una detallada cronolog\u00eda de la autora y recupera el pr\u00f3logo original de Penguin Cl\u00e1sicos a cargo de Tony Tanner, catedr\u00e1tico de literatura inglesa y norteamericana en la Universidad de Cambridge.<\/p>\n<p>Fanny Price es a\u00fan una ni\u00f1a cuando sus t\u00edos la acogen en su mansi\u00f3n de Mansfield Park, rescat\u00e1ndola de una vida de estrecheces y necesidades. All\u00ed, ante su mirada amedrentada, desfilar\u00e1 un mundo de ocio y refinamiento en que las inocentes diversiones alimentar\u00e1n maquinaciones y estrategias de seducci\u00f3n. Ese mundo oculta una verdad peligrosa, y solo Fanny, desde su sumiso silencio, ser\u00e1 capaz de atisbar sus consecuencias y amenazas.<\/p>\n<p>Las reflexiones de Tony Taner, catedr\u00e1tico de literatura inglesa y norteamericana en la Universidad de Cambridge, sobre la obra de Jane Austen, contin\u00faan siendo una referencia ineludible para profundizar en el universo literario de esta autora.<\/p>\n","protected":false},"excerpt":{"rendered":"<p>Jane Austen<\/p>\n","protected":false},"featured_media":4291,"template":"","meta":{"_joinchat":[]},"product_brand":[],"product_cat":[42],"product_tag":[34],"class_list":{"0":"post-4290","1":"product","2":"type-product","3":"status-publish","4":"has-post-thumbnail","6":"product_cat-literatura-clasica","7":"product_tag-penguin-random-house","9":"first","10":"outofstock","11":"shipping-taxable","12":"purchasable","13":"product-type-simple"},"_links":{"self":[{"href":"https:\/\/libreriahistoriasdebolsillo.com\/index.php\/wp-json\/wp\/v2\/product\/4290","targetHints":{"allow":["GET"]}}],"collection":[{"href":"https:\/\/libreriahistoriasdebolsillo.com\/index.php\/wp-json\/wp\/v2\/product"}],"about":[{"href":"https:\/\/libreriahistoriasdebolsillo.com\/index.php\/wp-json\/wp\/v2\/types\/product"}],"wp:featuredmedia":[{"embeddable":true,"href":"https:\/\/libreriahistoriasdebolsillo.com\/index.php\/wp-json\/wp\/v2\/media\/4291"}],"wp:attachment":[{"href":"https:\/\/libreriahistoriasdebolsillo.com\/index.php\/wp-json\/wp\/v2\/media?parent=4290"}],"wp:term":[{"taxonomy":"product_brand","embeddable":true,"href":"https:\/\/libreriahistoriasdebolsillo.com\/index.php\/wp-json\/wp\/v2\/product_brand?post=4290"},{"taxonomy":"product_cat","embeddable":true,"href":"https:\/\/libreriahistoriasdebolsillo.com\/index.php\/wp-json\/wp\/v2\/product_cat?post=4290"},{"taxonomy":"product_tag","embeddable":true,"href":"https:\/\/libreriahistoriasdebolsillo.com\/index.php\/wp-json\/wp\/v2\/product_tag?post=4290"}],"curies":[{"name":"wp","href":"https:\/\/api.w.org\/{rel}","templated":true}]}}