{"id":4292,"date":"2024-04-26T14:00:34","date_gmt":"2024-04-26T20:00:34","guid":{"rendered":"https:\/\/libreriahistoriasdebolsillo.com\/?post_type=product&#038;p=4292"},"modified":"2024-07-01T12:22:48","modified_gmt":"2024-07-01T18:22:48","slug":"la-abadia-de-northanger","status":"publish","type":"product","link":"https:\/\/libreriahistoriasdebolsillo.com\/index.php\/producto\/la-abadia-de-northanger\/","title":{"rendered":"La abad\u00eda de Northanger"},"content":{"rendered":"<p><b>Publicada originalmente en 1818,\u00a0<i>La abad\u00eda de Northanger<\/i>\u00a0narra la historia de Catherine Morland, una joven ingenua y aficionada a la lectura de novelas g\u00f3ticas.<\/b><\/p>\n<p><b>\u00c9sta es quiz\u00e1 la novela m\u00e1s ir\u00f3nica y divertida de Jane Austen, maestra inigualable en la recreaci\u00f3n de retablos sociales con hondo perfil humano.<\/b><\/p>\n<p>Invitada por los Tilney -que err\u00f3neamente la consideran una rica heredera- a pasar una temporada en su casa de campo, Catherine Morland se dedicar\u00e1 a investigar tortuosos e imaginarios secretos de familia. Pero cuando finalmente todo se aclare y comprenda que la vida no es una novela, la inocente Catherine pondr\u00e1 los pies en la tierra y encauzar\u00e1 su futuro seg\u00fan dictan las normas morales y sociales.<\/p>\n","protected":false},"excerpt":{"rendered":"<p>Jane Austen<\/p>\n","protected":false},"featured_media":4293,"template":"","meta":{"_joinchat":[]},"product_brand":[],"product_cat":[42],"product_tag":[34],"class_list":{"0":"post-4292","1":"product","2":"type-product","3":"status-publish","4":"has-post-thumbnail","6":"product_cat-literatura-clasica","7":"product_tag-penguin-random-house","9":"first","10":"outofstock","11":"shipping-taxable","12":"purchasable","13":"product-type-simple"},"_links":{"self":[{"href":"https:\/\/libreriahistoriasdebolsillo.com\/index.php\/wp-json\/wp\/v2\/product\/4292","targetHints":{"allow":["GET"]}}],"collection":[{"href":"https:\/\/libreriahistoriasdebolsillo.com\/index.php\/wp-json\/wp\/v2\/product"}],"about":[{"href":"https:\/\/libreriahistoriasdebolsillo.com\/index.php\/wp-json\/wp\/v2\/types\/product"}],"wp:featuredmedia":[{"embeddable":true,"href":"https:\/\/libreriahistoriasdebolsillo.com\/index.php\/wp-json\/wp\/v2\/media\/4293"}],"wp:attachment":[{"href":"https:\/\/libreriahistoriasdebolsillo.com\/index.php\/wp-json\/wp\/v2\/media?parent=4292"}],"wp:term":[{"taxonomy":"product_brand","embeddable":true,"href":"https:\/\/libreriahistoriasdebolsillo.com\/index.php\/wp-json\/wp\/v2\/product_brand?post=4292"},{"taxonomy":"product_cat","embeddable":true,"href":"https:\/\/libreriahistoriasdebolsillo.com\/index.php\/wp-json\/wp\/v2\/product_cat?post=4292"},{"taxonomy":"product_tag","embeddable":true,"href":"https:\/\/libreriahistoriasdebolsillo.com\/index.php\/wp-json\/wp\/v2\/product_tag?post=4292"}],"curies":[{"name":"wp","href":"https:\/\/api.w.org\/{rel}","templated":true}]}}