{"id":4294,"date":"2024-04-26T14:01:50","date_gmt":"2024-04-26T20:01:50","guid":{"rendered":"https:\/\/libreriahistoriasdebolsillo.com\/?post_type=product&#038;p=4294"},"modified":"2024-07-01T12:22:43","modified_gmt":"2024-07-01T18:22:43","slug":"persuasion-2","status":"publish","type":"product","link":"https:\/\/libreriahistoriasdebolsillo.com\/index.php\/producto\/persuasion-2\/","title":{"rendered":"Persuasi\u00f3n"},"content":{"rendered":"<p><b>Publicada p\u00f3stumamente, en 1818,\u00a0<i>Persuasi\u00f3n<\/i>\u00a0es la \u00faltima novela de Jane Austen.<\/b><\/p>\n<p><i>Persuasi\u00f3n<\/i>\u00a0narra la historia de una mujer madura, sensible y menospreciada, que a\u00f1os despu\u00e9s de haber rechazado al hombre que amaba, persuadida por un mal consejo, ve c\u00f3mo este reaparece en su vida, rico y honorable, pero a\u00fan despechado. Una mujer que quiz\u00e1 por primera vez en la historia de la novela debe luchar para que el amor le conceda una segunda oportunidad. Esta obra se considera una de las novelas m\u00e1s oscuras de Jane Austen, sin duda la m\u00e1s cr\u00edtica con la sociedad de la \u00e9poca.<\/p>\n<p><i>Obligada a conducirse prudentemente en su juventud, con la edad se volv\u00eda cada vez m\u00e1s rom\u00e1ntica: \u00e9sa era la consecuencia l\u00f3gica de su iniciaci\u00f3n antinatural.<\/i><\/p>\n","protected":false},"excerpt":{"rendered":"<p>Jane Austen<\/p>\n","protected":false},"featured_media":4295,"template":"","meta":{"_joinchat":[]},"product_brand":[],"product_cat":[42],"product_tag":[34],"class_list":{"0":"post-4294","1":"product","2":"type-product","3":"status-publish","4":"has-post-thumbnail","6":"product_cat-literatura-clasica","7":"product_tag-penguin-random-house","9":"first","10":"outofstock","11":"shipping-taxable","12":"purchasable","13":"product-type-simple"},"_links":{"self":[{"href":"https:\/\/libreriahistoriasdebolsillo.com\/index.php\/wp-json\/wp\/v2\/product\/4294","targetHints":{"allow":["GET"]}}],"collection":[{"href":"https:\/\/libreriahistoriasdebolsillo.com\/index.php\/wp-json\/wp\/v2\/product"}],"about":[{"href":"https:\/\/libreriahistoriasdebolsillo.com\/index.php\/wp-json\/wp\/v2\/types\/product"}],"wp:featuredmedia":[{"embeddable":true,"href":"https:\/\/libreriahistoriasdebolsillo.com\/index.php\/wp-json\/wp\/v2\/media\/4295"}],"wp:attachment":[{"href":"https:\/\/libreriahistoriasdebolsillo.com\/index.php\/wp-json\/wp\/v2\/media?parent=4294"}],"wp:term":[{"taxonomy":"product_brand","embeddable":true,"href":"https:\/\/libreriahistoriasdebolsillo.com\/index.php\/wp-json\/wp\/v2\/product_brand?post=4294"},{"taxonomy":"product_cat","embeddable":true,"href":"https:\/\/libreriahistoriasdebolsillo.com\/index.php\/wp-json\/wp\/v2\/product_cat?post=4294"},{"taxonomy":"product_tag","embeddable":true,"href":"https:\/\/libreriahistoriasdebolsillo.com\/index.php\/wp-json\/wp\/v2\/product_tag?post=4294"}],"curies":[{"name":"wp","href":"https:\/\/api.w.org\/{rel}","templated":true}]}}