{"id":4296,"date":"2024-04-26T14:03:43","date_gmt":"2024-04-26T20:03:43","guid":{"rendered":"https:\/\/libreriahistoriasdebolsillo.com\/?post_type=product&#038;p=4296"},"modified":"2024-07-01T12:22:39","modified_gmt":"2024-07-01T18:22:39","slug":"sentido-y-sensibilidad","status":"publish","type":"product","link":"https:\/\/libreriahistoriasdebolsillo.com\/index.php\/producto\/sentido-y-sensibilidad\/","title":{"rendered":"Sentido y sensibilidad"},"content":{"rendered":"<p><b>Al morir su padre, las hermanas Dashwood, de caracteres completamente opuestos, deber\u00e1n abrirse paso en la hip\u00f3crita sociedad de la Inglaterra de principios del siglo XIX.<\/b><\/p>\n<p><b>Aunque\u00a0<i>Sentido y sensibilidad<\/i>\u00a0ha sido adaptada numerosas veces en diversos formatos, una de las m\u00e1s exitosas es la pel\u00edcula de Ang Lee protagonizada por Emma Thompson y Kate Winslet como las hermanas Dashwood.<\/b><\/p>\n<p>En\u00a0<i>Sentido y sensibilidad<\/i>, Jane Austen explora con sutileza e iron\u00eda las opciones de la mujer en una sociedad r\u00edgida, donde el \u00e9xito o el fracaso dependen de la elecci\u00f3n del marido. La historia se centra en dos hermanas,\u00a0<b>Elinor<\/b>\u00a0y\u00a0<b>Marianne<\/b>, cuyas personalidades antag\u00f3nicas ejemplifican dos posibles respuestas femeninas ante la hipocres\u00eda dominante: el \u00absentido com\u00fan\u00bb y la \u00absensibilidad\u00bb. Sin embargo, tanto un camino como el otro entra\u00f1an sus peligros.<\/p>\n<p>\u00abLa pongo al par de Shakespeare, Cervantes y Henry Fielding.\u00bb -Henry James<\/p>\n","protected":false},"excerpt":{"rendered":"<p>Jane Austen<\/p>\n","protected":false},"featured_media":4297,"template":"","meta":{"_joinchat":[]},"product_brand":[],"product_cat":[42],"product_tag":[34],"class_list":{"0":"post-4296","1":"product","2":"type-product","3":"status-publish","4":"has-post-thumbnail","6":"product_cat-literatura-clasica","7":"product_tag-penguin-random-house","9":"first","10":"outofstock","11":"shipping-taxable","12":"purchasable","13":"product-type-simple"},"_links":{"self":[{"href":"https:\/\/libreriahistoriasdebolsillo.com\/index.php\/wp-json\/wp\/v2\/product\/4296","targetHints":{"allow":["GET"]}}],"collection":[{"href":"https:\/\/libreriahistoriasdebolsillo.com\/index.php\/wp-json\/wp\/v2\/product"}],"about":[{"href":"https:\/\/libreriahistoriasdebolsillo.com\/index.php\/wp-json\/wp\/v2\/types\/product"}],"wp:featuredmedia":[{"embeddable":true,"href":"https:\/\/libreriahistoriasdebolsillo.com\/index.php\/wp-json\/wp\/v2\/media\/4297"}],"wp:attachment":[{"href":"https:\/\/libreriahistoriasdebolsillo.com\/index.php\/wp-json\/wp\/v2\/media?parent=4296"}],"wp:term":[{"taxonomy":"product_brand","embeddable":true,"href":"https:\/\/libreriahistoriasdebolsillo.com\/index.php\/wp-json\/wp\/v2\/product_brand?post=4296"},{"taxonomy":"product_cat","embeddable":true,"href":"https:\/\/libreriahistoriasdebolsillo.com\/index.php\/wp-json\/wp\/v2\/product_cat?post=4296"},{"taxonomy":"product_tag","embeddable":true,"href":"https:\/\/libreriahistoriasdebolsillo.com\/index.php\/wp-json\/wp\/v2\/product_tag?post=4296"}],"curies":[{"name":"wp","href":"https:\/\/api.w.org\/{rel}","templated":true}]}}