{"id":4298,"date":"2024-04-26T14:09:14","date_gmt":"2024-04-26T20:09:14","guid":{"rendered":"https:\/\/libreriahistoriasdebolsillo.com\/?post_type=product&#038;p=4298"},"modified":"2024-07-01T12:23:15","modified_gmt":"2024-07-01T18:23:15","slug":"el-puente-hacia-el-infinito","status":"publish","type":"product","link":"https:\/\/libreriahistoriasdebolsillo.com\/index.php\/producto\/el-puente-hacia-el-infinito\/","title":{"rendered":"El puente hacia el infinito"},"content":{"rendered":"<p>Un alma gemela es alguien que tiene cerrojos que pueden ser abiertos con nuestras llaves, y llaves capaces de abrir nuestros cerrojos. Con Juan Salvador Gaviota, Richard Bach nos hizo volar por lugares de encanto y aventura, para guiarnos hacia una luminosa libertad. En El puente hacia el infinito, Bach narra su propio camino hacia el amor, hacia su alma gemela. Un camino cuyos obst\u00e1culos y desv\u00edos iniciales le hacen abandonar la b\u00fasqueda y construirse murallas de protecci\u00f3n, que se convertir\u00e1n en su c\u00e1rcel hasta que conoce a la \u00fanica mujer que puede liberarlo. Con ella inicia un viaje de transformaci\u00f3n, jalonado de descubrimientos y extraordinarias aventuras.<\/p>\n","protected":false},"excerpt":{"rendered":"<p>Richard Bach<\/p>\n","protected":false},"featured_media":4299,"template":"","meta":{"_joinchat":[]},"product_brand":[],"product_cat":[58,41,51],"product_tag":[34],"class_list":{"0":"post-4298","1":"product","2":"type-product","3":"status-publish","4":"has-post-thumbnail","6":"product_cat-desarrollo-humano-y-superacion","7":"product_cat-desarrollo-humano","8":"product_cat-oferta","9":"product_tag-penguin-random-house","11":"first","12":"outofstock","13":"shipping-taxable","14":"purchasable","15":"product-type-simple"},"_links":{"self":[{"href":"https:\/\/libreriahistoriasdebolsillo.com\/index.php\/wp-json\/wp\/v2\/product\/4298","targetHints":{"allow":["GET"]}}],"collection":[{"href":"https:\/\/libreriahistoriasdebolsillo.com\/index.php\/wp-json\/wp\/v2\/product"}],"about":[{"href":"https:\/\/libreriahistoriasdebolsillo.com\/index.php\/wp-json\/wp\/v2\/types\/product"}],"wp:featuredmedia":[{"embeddable":true,"href":"https:\/\/libreriahistoriasdebolsillo.com\/index.php\/wp-json\/wp\/v2\/media\/4299"}],"wp:attachment":[{"href":"https:\/\/libreriahistoriasdebolsillo.com\/index.php\/wp-json\/wp\/v2\/media?parent=4298"}],"wp:term":[{"taxonomy":"product_brand","embeddable":true,"href":"https:\/\/libreriahistoriasdebolsillo.com\/index.php\/wp-json\/wp\/v2\/product_brand?post=4298"},{"taxonomy":"product_cat","embeddable":true,"href":"https:\/\/libreriahistoriasdebolsillo.com\/index.php\/wp-json\/wp\/v2\/product_cat?post=4298"},{"taxonomy":"product_tag","embeddable":true,"href":"https:\/\/libreriahistoriasdebolsillo.com\/index.php\/wp-json\/wp\/v2\/product_tag?post=4298"}],"curies":[{"name":"wp","href":"https:\/\/api.w.org\/{rel}","templated":true}]}}