{"id":4300,"date":"2024-04-26T14:10:58","date_gmt":"2024-04-26T20:10:58","guid":{"rendered":"https:\/\/libreriahistoriasdebolsillo.com\/?post_type=product&#038;p=4300"},"modified":"2024-06-01T17:38:39","modified_gmt":"2024-06-01T23:38:39","slug":"viajes-con-puff","status":"publish","type":"product","link":"https:\/\/libreriahistoriasdebolsillo.com\/index.php\/producto\/viajes-con-puff\/","title":{"rendered":"Viajes con Puff"},"content":{"rendered":"<p><span class=\"a-text-bold\">Richard Bach, autor de\u00a0<\/span><span class=\"a-text-bold a-text-italic\">Juan Salvador Gaviota<\/span><span class=\"a-text-bold\">\u00a0relata su incre\u00edble viaje a trav\u00e9s de Estados Unidos a los mandos de un peque\u00f1o hidroavi\u00f3n.<\/span><\/p>\n<p>\u00ab<span class=\"a-text-italic\">Si queremos que en nuestra vida haya aventura, nadie, salvo nosotros, va a proporcion\u00e1rnosla<\/span>.\u00bb<br \/>\nRichard Bach<\/p>\n<p>A la manera de los\u00a0<span class=\"a-text-italic\">Viajes con Charley<\/span>, de John Steinbeck, y de su propia obra Ilusiones, estos\u00a0<span class=\"a-text-italic\">Viajes con Puff<\/span>, de Richard Bach, relatan la aventura de este, desde Florida hasta el estado de Washington, pilotando un peque\u00f1o hidroavi\u00f3n Easton SeaRey al que bautiza con el nombre de Puff.<\/p>\n<p>Con un humor, una sabidur\u00eda y una agudeza que s\u00f3lo pod\u00edan provenir de uno de los escritores m\u00e1s aclamados del mundo, Bach desaf\u00eda nuestras ideas acerca del destino y nuestro futuro, y nos interroga sobre c\u00f3mo prepararnos para los imprevistos de la vida.<\/p>\n","protected":false},"excerpt":{"rendered":"<p>Richard Bach<\/p>\n","protected":false},"featured_media":4301,"template":"","meta":{"_joinchat":[]},"product_brand":[],"product_cat":[58,41,51],"product_tag":[34],"class_list":{"0":"post-4300","1":"product","2":"type-product","3":"status-publish","4":"has-post-thumbnail","6":"product_cat-desarrollo-humano-y-superacion","7":"product_cat-desarrollo-humano","8":"product_cat-oferta","9":"product_tag-penguin-random-house","11":"first","12":"outofstock","13":"shipping-taxable","14":"purchasable","15":"product-type-simple"},"_links":{"self":[{"href":"https:\/\/libreriahistoriasdebolsillo.com\/index.php\/wp-json\/wp\/v2\/product\/4300","targetHints":{"allow":["GET"]}}],"collection":[{"href":"https:\/\/libreriahistoriasdebolsillo.com\/index.php\/wp-json\/wp\/v2\/product"}],"about":[{"href":"https:\/\/libreriahistoriasdebolsillo.com\/index.php\/wp-json\/wp\/v2\/types\/product"}],"wp:featuredmedia":[{"embeddable":true,"href":"https:\/\/libreriahistoriasdebolsillo.com\/index.php\/wp-json\/wp\/v2\/media\/4301"}],"wp:attachment":[{"href":"https:\/\/libreriahistoriasdebolsillo.com\/index.php\/wp-json\/wp\/v2\/media?parent=4300"}],"wp:term":[{"taxonomy":"product_brand","embeddable":true,"href":"https:\/\/libreriahistoriasdebolsillo.com\/index.php\/wp-json\/wp\/v2\/product_brand?post=4300"},{"taxonomy":"product_cat","embeddable":true,"href":"https:\/\/libreriahistoriasdebolsillo.com\/index.php\/wp-json\/wp\/v2\/product_cat?post=4300"},{"taxonomy":"product_tag","embeddable":true,"href":"https:\/\/libreriahistoriasdebolsillo.com\/index.php\/wp-json\/wp\/v2\/product_tag?post=4300"}],"curies":[{"name":"wp","href":"https:\/\/api.w.org\/{rel}","templated":true}]}}