{"id":4309,"date":"2024-04-26T14:19:03","date_gmt":"2024-04-26T20:19:03","guid":{"rendered":"https:\/\/libreriahistoriasdebolsillo.com\/?post_type=product&#038;p=4309"},"modified":"2024-07-01T12:24:15","modified_gmt":"2024-07-01T18:24:15","slug":"la-magia-de-ser-nosotros","status":"publish","type":"product","link":"https:\/\/libreriahistoriasdebolsillo.com\/index.php\/producto\/la-magia-de-ser-nosotros\/","title":{"rendered":"La magia de ser nosotros"},"content":{"rendered":"<p>Sof\u00eda intenta seguir adelante&#8230; pero nada es lo mismo sin H\u00e9ctor. Sof\u00eda siente que se traiciona cuando\u00a0<b>un nuevo futuro<\/b>\u00a0se cuela en su vida. Sof\u00eda enmudece al ver a H\u00e9ctor en el Alejandr\u00eda tras siete meses de silencio. H\u00e9ctor ha vuelto con\u00a0<b>un perd\u00f3n en los labios<\/b>\u00a0y un hilo rojo como aliado. Sof\u00eda y H\u00e9ctor luchar\u00e1n para\u00a0<b>volver a ser magia<\/b>, pero \u00bfse puede mantener el amor sin renunciar a los sue\u00f1os?<\/p>\n","protected":false},"excerpt":{"rendered":"<p>Elisabet Benavent<\/p>\n","protected":false},"featured_media":4310,"template":"","meta":{"_joinchat":[]},"product_brand":[],"product_cat":[35],"product_tag":[34],"class_list":{"0":"post-4309","1":"product","2":"type-product","3":"status-publish","4":"has-post-thumbnail","6":"product_cat-romantica","7":"product_tag-penguin-random-house","9":"first","10":"outofstock","11":"shipping-taxable","12":"purchasable","13":"product-type-simple"},"_links":{"self":[{"href":"https:\/\/libreriahistoriasdebolsillo.com\/index.php\/wp-json\/wp\/v2\/product\/4309","targetHints":{"allow":["GET"]}}],"collection":[{"href":"https:\/\/libreriahistoriasdebolsillo.com\/index.php\/wp-json\/wp\/v2\/product"}],"about":[{"href":"https:\/\/libreriahistoriasdebolsillo.com\/index.php\/wp-json\/wp\/v2\/types\/product"}],"wp:featuredmedia":[{"embeddable":true,"href":"https:\/\/libreriahistoriasdebolsillo.com\/index.php\/wp-json\/wp\/v2\/media\/4310"}],"wp:attachment":[{"href":"https:\/\/libreriahistoriasdebolsillo.com\/index.php\/wp-json\/wp\/v2\/media?parent=4309"}],"wp:term":[{"taxonomy":"product_brand","embeddable":true,"href":"https:\/\/libreriahistoriasdebolsillo.com\/index.php\/wp-json\/wp\/v2\/product_brand?post=4309"},{"taxonomy":"product_cat","embeddable":true,"href":"https:\/\/libreriahistoriasdebolsillo.com\/index.php\/wp-json\/wp\/v2\/product_cat?post=4309"},{"taxonomy":"product_tag","embeddable":true,"href":"https:\/\/libreriahistoriasdebolsillo.com\/index.php\/wp-json\/wp\/v2\/product_tag?post=4309"}],"curies":[{"name":"wp","href":"https:\/\/api.w.org\/{rel}","templated":true}]}}