{"id":4317,"date":"2024-04-26T14:27:22","date_gmt":"2024-04-26T20:27:22","guid":{"rendered":"https:\/\/libreriahistoriasdebolsillo.com\/?post_type=product&#038;p=4317"},"modified":"2024-07-01T12:30:35","modified_gmt":"2024-07-01T18:30:35","slug":"primavera-con-una-esquina-rota","status":"publish","type":"product","link":"https:\/\/libreriahistoriasdebolsillo.com\/index.php\/producto\/primavera-con-una-esquina-rota\/","title":{"rendered":"Primavera con una esquina rota"},"content":{"rendered":"<p><b><i>Primavera con una esquina rota<\/i>\u00a0reflexiona sobre las consecuencias que un gobierno autoritario y represivo tiene, m\u00e1s all\u00e1 de la mera situaci\u00f3n pol\u00edtica de un pa\u00eds, en la vida de las personas que lo viven d\u00eda a d\u00eda.<\/b><\/p>\n<p>Un testimonio directo y dolorido que trata de una sociedad escindida, fracturada por la represi\u00f3n y el autoritarismo, e intenta ser un puente entre dos regiones -el Uruguay bajo la dictadura y el Uruguay del exilio- que constituyen un solo y lacerado pa\u00eds. M\u00e1s all\u00e1 de los acontecimientos pol\u00edticos, la novela se centra en la profunda conmoci\u00f3n que \u00e9stos provocan en las relaciones humanas de los individuos que los sufren.<\/p>\n<p>Como en el resto de su obra, Mario Benedetti combina aqu\u00ed ternura, denuncia, pasi\u00f3n, amor e historia para transmitir al lector un mensaje de esperanza: la primavera, aunque mutilada, relevar\u00e1 por fin a un invierno que se anunciaba inacabable.<\/p>\n<p><b>Otros autores han opinado:<\/b><\/p>\n<p>\u00abSu obra tiene una trascendencia casi de car\u00e1cter sociol\u00f3gico.\u00bb -Cristina Peri Rossi-<\/p>\n","protected":false},"excerpt":{"rendered":"<p>Mario Benedetti<\/p>\n","protected":false},"featured_media":4318,"template":"","meta":{"_joinchat":[]},"product_brand":[],"product_cat":[78],"product_tag":[34],"class_list":{"0":"post-4317","1":"product","2":"type-product","3":"status-publish","4":"has-post-thumbnail","6":"product_cat-contemporanea","7":"product_tag-penguin-random-house","9":"first","10":"outofstock","11":"shipping-taxable","12":"purchasable","13":"product-type-simple"},"_links":{"self":[{"href":"https:\/\/libreriahistoriasdebolsillo.com\/index.php\/wp-json\/wp\/v2\/product\/4317","targetHints":{"allow":["GET"]}}],"collection":[{"href":"https:\/\/libreriahistoriasdebolsillo.com\/index.php\/wp-json\/wp\/v2\/product"}],"about":[{"href":"https:\/\/libreriahistoriasdebolsillo.com\/index.php\/wp-json\/wp\/v2\/types\/product"}],"wp:featuredmedia":[{"embeddable":true,"href":"https:\/\/libreriahistoriasdebolsillo.com\/index.php\/wp-json\/wp\/v2\/media\/4318"}],"wp:attachment":[{"href":"https:\/\/libreriahistoriasdebolsillo.com\/index.php\/wp-json\/wp\/v2\/media?parent=4317"}],"wp:term":[{"taxonomy":"product_brand","embeddable":true,"href":"https:\/\/libreriahistoriasdebolsillo.com\/index.php\/wp-json\/wp\/v2\/product_brand?post=4317"},{"taxonomy":"product_cat","embeddable":true,"href":"https:\/\/libreriahistoriasdebolsillo.com\/index.php\/wp-json\/wp\/v2\/product_cat?post=4317"},{"taxonomy":"product_tag","embeddable":true,"href":"https:\/\/libreriahistoriasdebolsillo.com\/index.php\/wp-json\/wp\/v2\/product_tag?post=4317"}],"curies":[{"name":"wp","href":"https:\/\/api.w.org\/{rel}","templated":true}]}}