{"id":4319,"date":"2024-04-26T14:28:38","date_gmt":"2024-04-26T20:28:38","guid":{"rendered":"https:\/\/libreriahistoriasdebolsillo.com\/?post_type=product&#038;p=4319"},"modified":"2024-07-01T12:30:30","modified_gmt":"2024-07-01T18:30:30","slug":"quien-de-nosotros","status":"publish","type":"product","link":"https:\/\/libreriahistoriasdebolsillo.com\/index.php\/producto\/quien-de-nosotros\/","title":{"rendered":"Qui\u00e9n de nosotros"},"content":{"rendered":"<p><b>La aparici\u00f3n de Qui\u00e9n de nosotros fue celebrada por la cr\u00edtica uruguaya, que calific\u00f3 la obra como \u00abel libro m\u00e1s prometedor que nuestra literatura de ficci\u00f3n haya producido en estos a\u00f1os\u00bb, y desde entonces ha sido reeditada continuamente.<\/b><\/p>\n<p>La historia de un tri\u00e1ngulo amoroso, como el que forman Miguel, Alicia y Lucas, es utilizada por el autor para ofrecernos una imprevisible e ir\u00f3nica exploraci\u00f3n de la soledad humana, con un final abierto que se resumir\u00e1 en la \u00faltima frase del libro: \u00ab\u00bfQui\u00e9n de nosotros juzga a qui\u00e9n?\u00bb<\/p>\n","protected":false},"excerpt":{"rendered":"<p>Mario benedetti<\/p>\n","protected":false},"featured_media":4320,"template":"","meta":{"_joinchat":[]},"product_brand":[],"product_cat":[78],"product_tag":[34],"class_list":{"0":"post-4319","1":"product","2":"type-product","3":"status-publish","4":"has-post-thumbnail","6":"product_cat-contemporanea","7":"product_tag-penguin-random-house","9":"first","10":"outofstock","11":"shipping-taxable","12":"purchasable","13":"product-type-simple"},"_links":{"self":[{"href":"https:\/\/libreriahistoriasdebolsillo.com\/index.php\/wp-json\/wp\/v2\/product\/4319","targetHints":{"allow":["GET"]}}],"collection":[{"href":"https:\/\/libreriahistoriasdebolsillo.com\/index.php\/wp-json\/wp\/v2\/product"}],"about":[{"href":"https:\/\/libreriahistoriasdebolsillo.com\/index.php\/wp-json\/wp\/v2\/types\/product"}],"wp:featuredmedia":[{"embeddable":true,"href":"https:\/\/libreriahistoriasdebolsillo.com\/index.php\/wp-json\/wp\/v2\/media\/4320"}],"wp:attachment":[{"href":"https:\/\/libreriahistoriasdebolsillo.com\/index.php\/wp-json\/wp\/v2\/media?parent=4319"}],"wp:term":[{"taxonomy":"product_brand","embeddable":true,"href":"https:\/\/libreriahistoriasdebolsillo.com\/index.php\/wp-json\/wp\/v2\/product_brand?post=4319"},{"taxonomy":"product_cat","embeddable":true,"href":"https:\/\/libreriahistoriasdebolsillo.com\/index.php\/wp-json\/wp\/v2\/product_cat?post=4319"},{"taxonomy":"product_tag","embeddable":true,"href":"https:\/\/libreriahistoriasdebolsillo.com\/index.php\/wp-json\/wp\/v2\/product_tag?post=4319"}],"curies":[{"name":"wp","href":"https:\/\/api.w.org\/{rel}","templated":true}]}}