{"id":4325,"date":"2024-04-26T14:34:57","date_gmt":"2024-04-26T20:34:57","guid":{"rendered":"https:\/\/libreriahistoriasdebolsillo.com\/?post_type=product&#038;p=4325"},"modified":"2024-07-01T12:30:13","modified_gmt":"2024-07-01T18:30:13","slug":"la-borra-del-cafe","status":"publish","type":"product","link":"https:\/\/libreriahistoriasdebolsillo.com\/index.php\/producto\/la-borra-del-cafe\/","title":{"rendered":"La borra del caf\u00e9"},"content":{"rendered":"<p><b>La mirada de Mario Benedetti se detiene en historias que llaman a la reflexi\u00f3n, y ofrece otras que todos podr\u00edamos reconocer como claves en la vida de un ni\u00f1o, de un adolescente o de un adulto.<\/b><\/p>\n<p>Claudio retrocede hasta volver a ser un ni\u00f1o de cinco a\u00f1os y rescata del pasado las an\u00e9cdotas, las personas y los acontecimientos hist\u00f3ricos que marcaron su vida. La mirada de Benedetti se detiene en historias que llaman a la reflexi\u00f3n, y ofrece otras que todos podr\u00edamos reconocer como claves en la vida de un ni\u00f1o, de un adolescente o de un adulto: la desolaci\u00f3n ante la muerte de la madre, el descubrimiento del amor, el acercamiento al sexo, la conciencia social, la experiencia del goce y la asunci\u00f3n del dolor. En suma, el paso que dejan los a\u00f1os y las personas a las que amamos, y que fundamenta nuestra trayectoria existencial.<\/p>\n","protected":false},"excerpt":{"rendered":"<p>Mario Benedetti<\/p>\n","protected":false},"featured_media":4326,"template":"","meta":{"_joinchat":[]},"product_brand":[],"product_cat":[78],"product_tag":[34],"class_list":{"0":"post-4325","1":"product","2":"type-product","3":"status-publish","4":"has-post-thumbnail","6":"product_cat-contemporanea","7":"product_tag-penguin-random-house","9":"first","10":"outofstock","11":"shipping-taxable","12":"purchasable","13":"product-type-simple"},"_links":{"self":[{"href":"https:\/\/libreriahistoriasdebolsillo.com\/index.php\/wp-json\/wp\/v2\/product\/4325","targetHints":{"allow":["GET"]}}],"collection":[{"href":"https:\/\/libreriahistoriasdebolsillo.com\/index.php\/wp-json\/wp\/v2\/product"}],"about":[{"href":"https:\/\/libreriahistoriasdebolsillo.com\/index.php\/wp-json\/wp\/v2\/types\/product"}],"wp:featuredmedia":[{"embeddable":true,"href":"https:\/\/libreriahistoriasdebolsillo.com\/index.php\/wp-json\/wp\/v2\/media\/4326"}],"wp:attachment":[{"href":"https:\/\/libreriahistoriasdebolsillo.com\/index.php\/wp-json\/wp\/v2\/media?parent=4325"}],"wp:term":[{"taxonomy":"product_brand","embeddable":true,"href":"https:\/\/libreriahistoriasdebolsillo.com\/index.php\/wp-json\/wp\/v2\/product_brand?post=4325"},{"taxonomy":"product_cat","embeddable":true,"href":"https:\/\/libreriahistoriasdebolsillo.com\/index.php\/wp-json\/wp\/v2\/product_cat?post=4325"},{"taxonomy":"product_tag","embeddable":true,"href":"https:\/\/libreriahistoriasdebolsillo.com\/index.php\/wp-json\/wp\/v2\/product_tag?post=4325"}],"curies":[{"name":"wp","href":"https:\/\/api.w.org\/{rel}","templated":true}]}}