{"id":4327,"date":"2024-04-26T14:36:40","date_gmt":"2024-04-26T20:36:40","guid":{"rendered":"https:\/\/libreriahistoriasdebolsillo.com\/?post_type=product&#038;p=4327"},"modified":"2024-07-01T12:30:07","modified_gmt":"2024-07-01T18:30:07","slug":"pedro-y-el-capitan","status":"publish","type":"product","link":"https:\/\/libreriahistoriasdebolsillo.com\/index.php\/producto\/pedro-y-el-capitan\/","title":{"rendered":"Pedro y el capit\u00e1n"},"content":{"rendered":"<p><i>Pedro y el Capit\u00e1n<\/i>, que ha conmocionado al mundo por su crudeza y realismo, es una denuncia contra la tortura (una de las peores ignominias que practican los mecanismos del poder) y una defensa esperanzadora de la dignidad y de los derechos humanos. Pedro es un\u00a0<b>preso pol\u00edtico<\/b>. Durante su encierro es acosado y torturado f\u00edsica y psicol\u00f3gicamente por el Capit\u00e1n. Enfrentados por causas contrarias en una batalla desigual, la v\u00edctima y el verdugo habr\u00e1n de confirmar que hay valores eternos que ninguna fuerza represiva puede borrar.<\/p>\n","protected":false},"excerpt":{"rendered":"<p>Mario Benedetti<\/p>\n","protected":false},"featured_media":4328,"template":"","meta":{"_joinchat":[]},"product_brand":[],"product_cat":[78,51],"product_tag":[34],"class_list":{"0":"post-4327","1":"product","2":"type-product","3":"status-publish","4":"has-post-thumbnail","6":"product_cat-contemporanea","7":"product_cat-oferta","8":"product_tag-penguin-random-house","10":"first","11":"outofstock","12":"shipping-taxable","13":"purchasable","14":"product-type-simple"},"_links":{"self":[{"href":"https:\/\/libreriahistoriasdebolsillo.com\/index.php\/wp-json\/wp\/v2\/product\/4327","targetHints":{"allow":["GET"]}}],"collection":[{"href":"https:\/\/libreriahistoriasdebolsillo.com\/index.php\/wp-json\/wp\/v2\/product"}],"about":[{"href":"https:\/\/libreriahistoriasdebolsillo.com\/index.php\/wp-json\/wp\/v2\/types\/product"}],"wp:featuredmedia":[{"embeddable":true,"href":"https:\/\/libreriahistoriasdebolsillo.com\/index.php\/wp-json\/wp\/v2\/media\/4328"}],"wp:attachment":[{"href":"https:\/\/libreriahistoriasdebolsillo.com\/index.php\/wp-json\/wp\/v2\/media?parent=4327"}],"wp:term":[{"taxonomy":"product_brand","embeddable":true,"href":"https:\/\/libreriahistoriasdebolsillo.com\/index.php\/wp-json\/wp\/v2\/product_brand?post=4327"},{"taxonomy":"product_cat","embeddable":true,"href":"https:\/\/libreriahistoriasdebolsillo.com\/index.php\/wp-json\/wp\/v2\/product_cat?post=4327"},{"taxonomy":"product_tag","embeddable":true,"href":"https:\/\/libreriahistoriasdebolsillo.com\/index.php\/wp-json\/wp\/v2\/product_tag?post=4327"}],"curies":[{"name":"wp","href":"https:\/\/api.w.org\/{rel}","templated":true}]}}