{"id":4334,"date":"2024-04-26T14:42:54","date_gmt":"2024-04-26T20:42:54","guid":{"rendered":"https:\/\/libreriahistoriasdebolsillo.com\/?post_type=product&#038;p=4334"},"modified":"2025-12-02T11:21:34","modified_gmt":"2025-12-02T17:21:34","slug":"el-exorcista","status":"publish","type":"product","link":"https:\/\/libreriahistoriasdebolsillo.com\/index.php\/producto\/el-exorcista\/","title":{"rendered":"El exorcista"},"content":{"rendered":"<p><b>Basada en un hecho real<\/b>, ocurrido en la d\u00e9cada de los cuarenta del siglo pasado, la protagonista es una ni\u00f1a de apenas once a\u00f1os que sufre terribles transformaciones, sobre todo en su comportamiento. Ni m\u00e9dicos ni cient\u00edficos ni psic\u00f3logos son capaces de hallar la causa de tal estado, y paulatinamente todo se va decantando hacia la hip\u00f3tesis de que la ni\u00f1a est\u00e1<b>\u00a0pose\u00edda por fuerzas demoniacas.<\/b><\/p>\n<p>Ha llegado el momento para el implacable rito que enfrenta a exorcista y demonio en un\u00a0<b>duelo mortal.<\/b><\/p>\n","protected":false},"excerpt":{"rendered":"<p>William Peter Blatty<\/p>\n","protected":false},"featured_media":4335,"template":"","meta":{"_joinchat":[]},"product_brand":[],"product_cat":[36],"product_tag":[34],"class_list":{"0":"post-4334","1":"product","2":"type-product","3":"status-publish","4":"has-post-thumbnail","6":"product_cat-terror-y-paranormal","7":"product_tag-penguin-random-house","9":"first","10":"outofstock","11":"shipping-taxable","12":"purchasable","13":"product-type-simple"},"_links":{"self":[{"href":"https:\/\/libreriahistoriasdebolsillo.com\/index.php\/wp-json\/wp\/v2\/product\/4334","targetHints":{"allow":["GET"]}}],"collection":[{"href":"https:\/\/libreriahistoriasdebolsillo.com\/index.php\/wp-json\/wp\/v2\/product"}],"about":[{"href":"https:\/\/libreriahistoriasdebolsillo.com\/index.php\/wp-json\/wp\/v2\/types\/product"}],"wp:featuredmedia":[{"embeddable":true,"href":"https:\/\/libreriahistoriasdebolsillo.com\/index.php\/wp-json\/wp\/v2\/media\/4335"}],"wp:attachment":[{"href":"https:\/\/libreriahistoriasdebolsillo.com\/index.php\/wp-json\/wp\/v2\/media?parent=4334"}],"wp:term":[{"taxonomy":"product_brand","embeddable":true,"href":"https:\/\/libreriahistoriasdebolsillo.com\/index.php\/wp-json\/wp\/v2\/product_brand?post=4334"},{"taxonomy":"product_cat","embeddable":true,"href":"https:\/\/libreriahistoriasdebolsillo.com\/index.php\/wp-json\/wp\/v2\/product_cat?post=4334"},{"taxonomy":"product_tag","embeddable":true,"href":"https:\/\/libreriahistoriasdebolsillo.com\/index.php\/wp-json\/wp\/v2\/product_tag?post=4334"}],"curies":[{"name":"wp","href":"https:\/\/api.w.org\/{rel}","templated":true}]}}