{"id":4336,"date":"2024-04-26T14:45:41","date_gmt":"2024-04-26T20:45:41","guid":{"rendered":"https:\/\/libreriahistoriasdebolsillo.com\/?post_type=product&#038;p=4336"},"modified":"2024-07-01T12:31:42","modified_gmt":"2024-07-01T18:31:42","slug":"estrella-distante","status":"publish","type":"product","link":"https:\/\/libreriahistoriasdebolsillo.com\/index.php\/producto\/estrella-distante\/","title":{"rendered":"Estrella distante"},"content":{"rendered":"<p><b>La realidad nunca es una sola. Y nosotros tampoco.<\/b><\/p>\n<p><b>Roberto Bola\u00f1o<\/b>\u00a0tiene un alter ego:\u00a0<b>Arturo Belano<\/b>. En<i>\u00a0Estrella distante<\/i>, el escritor y el\u00a0<b>detective salvaje<\/b>\u00a0se mezclan con Carlos Wieder, un poeta que deja<b>\u00a0versos y cad\u00e1veres\u00a0<\/b>a su paso.<\/p>\n<p>Sombras y r\u00e9plicas que Bola\u00f1o atrap\u00f3 en su literatura y que Javier Fern\u00e1ndez y Fanny Mar\u00edn retienen en esta trepidante y magn\u00e9tica<b>\u00a0novela gr\u00e1fica.<\/b><\/p>\n","protected":false},"excerpt":{"rendered":"<p>Roberto Bola\u00f1o<\/p>\n","protected":false},"featured_media":4337,"template":"","meta":{"_joinchat":[]},"product_brand":[],"product_cat":[78,51],"product_tag":[34],"class_list":{"0":"post-4336","1":"product","2":"type-product","3":"status-publish","4":"has-post-thumbnail","6":"product_cat-contemporanea","7":"product_cat-oferta","8":"product_tag-penguin-random-house","10":"first","11":"outofstock","12":"shipping-taxable","13":"purchasable","14":"product-type-simple"},"_links":{"self":[{"href":"https:\/\/libreriahistoriasdebolsillo.com\/index.php\/wp-json\/wp\/v2\/product\/4336","targetHints":{"allow":["GET"]}}],"collection":[{"href":"https:\/\/libreriahistoriasdebolsillo.com\/index.php\/wp-json\/wp\/v2\/product"}],"about":[{"href":"https:\/\/libreriahistoriasdebolsillo.com\/index.php\/wp-json\/wp\/v2\/types\/product"}],"wp:featuredmedia":[{"embeddable":true,"href":"https:\/\/libreriahistoriasdebolsillo.com\/index.php\/wp-json\/wp\/v2\/media\/4337"}],"wp:attachment":[{"href":"https:\/\/libreriahistoriasdebolsillo.com\/index.php\/wp-json\/wp\/v2\/media?parent=4336"}],"wp:term":[{"taxonomy":"product_brand","embeddable":true,"href":"https:\/\/libreriahistoriasdebolsillo.com\/index.php\/wp-json\/wp\/v2\/product_brand?post=4336"},{"taxonomy":"product_cat","embeddable":true,"href":"https:\/\/libreriahistoriasdebolsillo.com\/index.php\/wp-json\/wp\/v2\/product_cat?post=4336"},{"taxonomy":"product_tag","embeddable":true,"href":"https:\/\/libreriahistoriasdebolsillo.com\/index.php\/wp-json\/wp\/v2\/product_tag?post=4336"}],"curies":[{"name":"wp","href":"https:\/\/api.w.org\/{rel}","templated":true}]}}