{"id":4338,"date":"2024-04-26T14:47:54","date_gmt":"2024-04-26T20:47:54","guid":{"rendered":"https:\/\/libreriahistoriasdebolsillo.com\/?post_type=product&#038;p=4338"},"modified":"2024-07-01T12:31:35","modified_gmt":"2024-07-01T18:31:35","slug":"2666","status":"publish","type":"product","link":"https:\/\/libreriahistoriasdebolsillo.com\/index.php\/producto\/2666\/","title":{"rendered":"2666"},"content":{"rendered":"<p>La ciudad mexicana de Santa Teresa -trasunto de Ciudad Ju\u00e1rez- atrae como un im\u00e1n a los protagonistas. Cuatro cr\u00edticos literarios europeos viajan hasta Sonora tras las huellas del escritor desaparecido Benno von Archimboldi, cuya vida se refiere en la parte final de la novela. All\u00ed conocer\u00e1n a Amalfitano, el profesor universitario chileno que, junto con su hija, se establece en la ciudad, a la que tambi\u00e9n llegar\u00e1 el periodista estadounidense Oscar Fate para retransmitir un combate de boxeo. Pero el coraz\u00f3n del relato se encuentra en \u00abLa parte de los cr\u00edmenes\u00bb donde, con la precisi\u00f3n de un bistur\u00ed, Bola\u00f1o narra los asesinatos de mujeres cometidos en Santa Teresa y las infructuosas investigaciones de la polic\u00eda. En el epicentro del Mal, nada puede parar el horror.<\/p>\n<p>Con una fuerza arrolladora, en\u00a0<i>2666\u00a0<\/i>Bola\u00f1o crea una obra magistral que rompe con todas las tendencias literarias conocidas y abre el camino a seguir por la narrativa del siglo XXI. Violencia e historia se entretejen con temas recurrentes en la obra del autor: la literatura, la b\u00fasqueda y la cr\u00f3nica de la realidad.<\/p>\n<p><i><b>2666<\/b><\/i><b>\u00a0fue galardonada con los premios Ciudad de Barcelona, Salamb\u00f3, National Critics Circle Award y Altazor, calificada como uno de los mejores libros de 2008 por<\/b><i><b>\u00a0The New York Times,<\/b><\/i><b>\u00a0elegida por 81 cr\u00edticos y escritores de Espa\u00f1a y Latinoam\u00e9rica como uno de los mejores libros en lengua castellana de los \u00faltimos 25 a\u00f1os y considerada el mejor libro en espa\u00f1ol de los \u00faltimos veinticinco a\u00f1os por\u00a0<\/b><i><b>Babelia.<\/b><\/i><\/p>\n","protected":false},"excerpt":{"rendered":"<p>Roberto Bola\u00f1o<\/p>\n","protected":false},"featured_media":4339,"template":"","meta":{"_joinchat":[]},"product_brand":[],"product_cat":[15],"product_tag":[],"class_list":{"0":"post-4338","1":"product","2":"type-product","3":"status-publish","4":"has-post-thumbnail","6":"product_cat-sin-categorizar","8":"first","9":"outofstock","10":"shipping-taxable","11":"purchasable","12":"product-type-simple"},"_links":{"self":[{"href":"https:\/\/libreriahistoriasdebolsillo.com\/index.php\/wp-json\/wp\/v2\/product\/4338","targetHints":{"allow":["GET"]}}],"collection":[{"href":"https:\/\/libreriahistoriasdebolsillo.com\/index.php\/wp-json\/wp\/v2\/product"}],"about":[{"href":"https:\/\/libreriahistoriasdebolsillo.com\/index.php\/wp-json\/wp\/v2\/types\/product"}],"wp:featuredmedia":[{"embeddable":true,"href":"https:\/\/libreriahistoriasdebolsillo.com\/index.php\/wp-json\/wp\/v2\/media\/4339"}],"wp:attachment":[{"href":"https:\/\/libreriahistoriasdebolsillo.com\/index.php\/wp-json\/wp\/v2\/media?parent=4338"}],"wp:term":[{"taxonomy":"product_brand","embeddable":true,"href":"https:\/\/libreriahistoriasdebolsillo.com\/index.php\/wp-json\/wp\/v2\/product_brand?post=4338"},{"taxonomy":"product_cat","embeddable":true,"href":"https:\/\/libreriahistoriasdebolsillo.com\/index.php\/wp-json\/wp\/v2\/product_cat?post=4338"},{"taxonomy":"product_tag","embeddable":true,"href":"https:\/\/libreriahistoriasdebolsillo.com\/index.php\/wp-json\/wp\/v2\/product_tag?post=4338"}],"curies":[{"name":"wp","href":"https:\/\/api.w.org\/{rel}","templated":true}]}}