{"id":4342,"date":"2024-04-26T14:52:21","date_gmt":"2024-04-26T20:52:21","guid":{"rendered":"https:\/\/libreriahistoriasdebolsillo.com\/?post_type=product&#038;p=4342"},"modified":"2024-07-01T12:31:24","modified_gmt":"2024-07-01T18:31:24","slug":"una-novelita-lumpen","status":"publish","type":"product","link":"https:\/\/libreriahistoriasdebolsillo.com\/index.php\/producto\/una-novelita-lumpen\/","title":{"rendered":"Una novelita lumpen"},"content":{"rendered":"<p>Tras la temprana muerte de sus padres en un tr\u00e1gico accidente automovil\u00edstico, Bianca, poco m\u00e1s que una adolescente, protagonista y voz por medio de la cual se hilvana la narraci\u00f3n, se descubre avocada al\u00a0<b>abismo de su indiferente existencia<\/b>, dirigida irremediablemente a un camino que no conduce a ning\u00fan futuro. Desde entonces dedica sus horas a lavar,tintar y cortar pelo mientras su hermano menor se mezcla con\u00a0<b>gente de dudosa reputaci\u00f3n<\/b>\u00a0en el gimnasio donde trabaja.<\/p>\n<p>La aparici\u00f3n de dos hombres misteriosos supondr\u00e1 la oportunidad de cometer un\u00a0<b>delito\u00a0<\/b>que podr\u00eda rescatarles de las penurias econ\u00f3micas. La peque\u00f1a fortuna de un viejo y ciego actor podr\u00eda resultar en una puerta de huida que los llevase a alg\u00fan lugar; el que fuera, pero a alguno.<\/p>\n<p>Bianca tiene mucho que ganar y nada que perder, pues\u00a0<b>\u00bfqu\u00e9 ha de esperar quien ha abandonado toda esperanza?<\/b><\/p>\n","protected":false},"excerpt":{"rendered":"<p>Roberto Bola\u00f1o<\/p>\n","protected":false},"featured_media":4343,"template":"","meta":{"_joinchat":[]},"product_brand":[],"product_cat":[78],"product_tag":[34],"class_list":{"0":"post-4342","1":"product","2":"type-product","3":"status-publish","4":"has-post-thumbnail","6":"product_cat-contemporanea","7":"product_tag-penguin-random-house","9":"first","10":"outofstock","11":"shipping-taxable","12":"purchasable","13":"product-type-simple"},"_links":{"self":[{"href":"https:\/\/libreriahistoriasdebolsillo.com\/index.php\/wp-json\/wp\/v2\/product\/4342","targetHints":{"allow":["GET"]}}],"collection":[{"href":"https:\/\/libreriahistoriasdebolsillo.com\/index.php\/wp-json\/wp\/v2\/product"}],"about":[{"href":"https:\/\/libreriahistoriasdebolsillo.com\/index.php\/wp-json\/wp\/v2\/types\/product"}],"wp:featuredmedia":[{"embeddable":true,"href":"https:\/\/libreriahistoriasdebolsillo.com\/index.php\/wp-json\/wp\/v2\/media\/4343"}],"wp:attachment":[{"href":"https:\/\/libreriahistoriasdebolsillo.com\/index.php\/wp-json\/wp\/v2\/media?parent=4342"}],"wp:term":[{"taxonomy":"product_brand","embeddable":true,"href":"https:\/\/libreriahistoriasdebolsillo.com\/index.php\/wp-json\/wp\/v2\/product_brand?post=4342"},{"taxonomy":"product_cat","embeddable":true,"href":"https:\/\/libreriahistoriasdebolsillo.com\/index.php\/wp-json\/wp\/v2\/product_cat?post=4342"},{"taxonomy":"product_tag","embeddable":true,"href":"https:\/\/libreriahistoriasdebolsillo.com\/index.php\/wp-json\/wp\/v2\/product_tag?post=4342"}],"curies":[{"name":"wp","href":"https:\/\/api.w.org\/{rel}","templated":true}]}}