{"id":4344,"date":"2024-04-26T14:55:41","date_gmt":"2024-04-26T20:55:41","guid":{"rendered":"https:\/\/libreriahistoriasdebolsillo.com\/?post_type=product&#038;p=4344"},"modified":"2024-07-01T12:29:48","modified_gmt":"2024-07-01T18:29:48","slug":"ficciones","status":"publish","type":"product","link":"https:\/\/libreriahistoriasdebolsillo.com\/index.php\/producto\/ficciones\/","title":{"rendered":"Ficciones"},"content":{"rendered":"<p align=\"JUSTIFY\"><b>\u00abPens\u00e9 en un laberinto, en un sinuoso laberinto creciente que abarcara el pasado y el porvenir y que implicara de alg\u00fan modo los astros.\u00bb<\/b><\/p>\n<p align=\"JUSTIFY\"><i>Ficciones<\/i>\u00a0es quiz\u00e1s el libro m\u00e1s reconocido de Jorge Luis Borges. Entre los cuentos que se re\u00fanen aqu\u00ed hay algunos de corte policial, como \u00abLa muerte y la br\u00fajula\u00bb, otros sobre libros imaginarios, como \u00abTl\u00f6n, Uqbar, Orbis Tertius\u00bb, y muchos pertenecientes al g\u00e9nero fant\u00e1stico, como \u00abLasruinas circulares\u00bb o \u00abEl Sur\u00bb, acaso su mejor relato, en palabras del mismo autor. Est\u00e1 compuesto por los libros\u00a0<i>El jard\u00edn de senderos que se bifurcan<\/i>\u00a0(1941) y\u00a0<i>Artificios<\/i>\u00a0(1944), considerados piezas fundamentales del universo borgeano.<\/p>\n","protected":false},"excerpt":{"rendered":"<p>Jorge Luis Borges<\/p>\n","protected":false},"featured_media":4345,"template":"","meta":{"_joinchat":[]},"product_brand":[],"product_cat":[78],"product_tag":[34],"class_list":{"0":"post-4344","1":"product","2":"type-product","3":"status-publish","4":"has-post-thumbnail","6":"product_cat-contemporanea","7":"product_tag-penguin-random-house","9":"first","10":"outofstock","11":"shipping-taxable","12":"purchasable","13":"product-type-simple"},"_links":{"self":[{"href":"https:\/\/libreriahistoriasdebolsillo.com\/index.php\/wp-json\/wp\/v2\/product\/4344","targetHints":{"allow":["GET"]}}],"collection":[{"href":"https:\/\/libreriahistoriasdebolsillo.com\/index.php\/wp-json\/wp\/v2\/product"}],"about":[{"href":"https:\/\/libreriahistoriasdebolsillo.com\/index.php\/wp-json\/wp\/v2\/types\/product"}],"wp:featuredmedia":[{"embeddable":true,"href":"https:\/\/libreriahistoriasdebolsillo.com\/index.php\/wp-json\/wp\/v2\/media\/4345"}],"wp:attachment":[{"href":"https:\/\/libreriahistoriasdebolsillo.com\/index.php\/wp-json\/wp\/v2\/media?parent=4344"}],"wp:term":[{"taxonomy":"product_brand","embeddable":true,"href":"https:\/\/libreriahistoriasdebolsillo.com\/index.php\/wp-json\/wp\/v2\/product_brand?post=4344"},{"taxonomy":"product_cat","embeddable":true,"href":"https:\/\/libreriahistoriasdebolsillo.com\/index.php\/wp-json\/wp\/v2\/product_cat?post=4344"},{"taxonomy":"product_tag","embeddable":true,"href":"https:\/\/libreriahistoriasdebolsillo.com\/index.php\/wp-json\/wp\/v2\/product_tag?post=4344"}],"curies":[{"name":"wp","href":"https:\/\/api.w.org\/{rel}","templated":true}]}}