{"id":4350,"date":"2024-04-26T15:00:49","date_gmt":"2024-04-26T21:00:49","guid":{"rendered":"https:\/\/libreriahistoriasdebolsillo.com\/?post_type=product&#038;p=4350"},"modified":"2024-07-01T12:29:34","modified_gmt":"2024-07-01T18:29:34","slug":"libro-de-suenos","status":"publish","type":"product","link":"https:\/\/libreriahistoriasdebolsillo.com\/index.php\/producto\/libro-de-suenos\/","title":{"rendered":"Libro de sue\u00f1os"},"content":{"rendered":"<p><b>Jorge Luis Borges, ganador del Premio Cervantes en 1979 y maestro de la literatura fant\u00e1stica universal, presenta en esta asombrosa recopilaci\u00f3n relatos de paisaje on\u00edrico de distintas \u00e9pocas.<\/b><\/p>\n<p>El sue\u00f1o como el m\u00e1s antiguo y no menos complejo de los g\u00e9neros literarios. En este volumen, Borges presenta relatos de paisaje on\u00edrico de distintas \u00e9pocas y documenta lo que ha so\u00f1ado el hombre desde que es hombre. Discurriendo por el sendero que va de las primeras civilizaciones a Kafka, revisa los trances prof\u00e9ticos del Antiguo Testamento, las epopeyas cl\u00e1sicas y la filosof\u00eda china. Una fabulosa antolog\u00eda, en definitiva, que consagra el sue\u00f1o como el m\u00e1s antiguo y complejo de los g\u00e9neros literarios.<\/p>\n<p><i>\u00abEste Libro de sue\u00f1os que los lectores volver\u00e1n a so\u00f1ar abarca sue\u00f1os de la noche -los que yo firmo, por ejemplo-, sue\u00f1os del d\u00eda, que son un ejercicio voluntario de nuestra mente, y otros de raigambre perdida: digamos, el Sue\u00f1o anglosaj\u00f3n de la Cruz.\u00bb<\/i><\/p>\n<p><b>Jorge Luis Borges<\/b><\/p>\n","protected":false},"excerpt":{"rendered":"<p>Jorge Luis Borges<\/p>\n","protected":false},"featured_media":4351,"template":"","meta":{"_joinchat":[]},"product_brand":[],"product_cat":[78],"product_tag":[34],"class_list":{"0":"post-4350","1":"product","2":"type-product","3":"status-publish","4":"has-post-thumbnail","6":"product_cat-contemporanea","7":"product_tag-penguin-random-house","9":"first","10":"outofstock","11":"shipping-taxable","12":"purchasable","13":"product-type-simple"},"_links":{"self":[{"href":"https:\/\/libreriahistoriasdebolsillo.com\/index.php\/wp-json\/wp\/v2\/product\/4350","targetHints":{"allow":["GET"]}}],"collection":[{"href":"https:\/\/libreriahistoriasdebolsillo.com\/index.php\/wp-json\/wp\/v2\/product"}],"about":[{"href":"https:\/\/libreriahistoriasdebolsillo.com\/index.php\/wp-json\/wp\/v2\/types\/product"}],"wp:featuredmedia":[{"embeddable":true,"href":"https:\/\/libreriahistoriasdebolsillo.com\/index.php\/wp-json\/wp\/v2\/media\/4351"}],"wp:attachment":[{"href":"https:\/\/libreriahistoriasdebolsillo.com\/index.php\/wp-json\/wp\/v2\/media?parent=4350"}],"wp:term":[{"taxonomy":"product_brand","embeddable":true,"href":"https:\/\/libreriahistoriasdebolsillo.com\/index.php\/wp-json\/wp\/v2\/product_brand?post=4350"},{"taxonomy":"product_cat","embeddable":true,"href":"https:\/\/libreriahistoriasdebolsillo.com\/index.php\/wp-json\/wp\/v2\/product_cat?post=4350"},{"taxonomy":"product_tag","embeddable":true,"href":"https:\/\/libreriahistoriasdebolsillo.com\/index.php\/wp-json\/wp\/v2\/product_tag?post=4350"}],"curies":[{"name":"wp","href":"https:\/\/api.w.org\/{rel}","templated":true}]}}