{"id":4352,"date":"2024-04-26T15:05:31","date_gmt":"2024-04-26T21:05:31","guid":{"rendered":"https:\/\/libreriahistoriasdebolsillo.com\/?post_type=product&#038;p=4352"},"modified":"2024-07-01T12:31:11","modified_gmt":"2024-07-01T18:31:11","slug":"el-arte-de-hacer-preguntas","status":"publish","type":"product","link":"https:\/\/libreriahistoriasdebolsillo.com\/index.php\/producto\/el-arte-de-hacer-preguntas\/","title":{"rendered":"El arte de hacer preguntas"},"content":{"rendered":"<p><b>Si quieres ser persuasivo para ganar negocios, cerrar grandes acuerdos, triunfar en tus entrevistas y en tu vida personal, este libro sin duda te ayudar\u00e1 a triunfar en ello.<\/b><\/p>\n<p>Aprende a utilizar\u00a0<b>t\u00e9cnicas de preguntas<\/b>\u00a0que te ayudar\u00e1n a descubrir el pensamiento oculto en la mente de las dem\u00e1s personas. En\u00a0<i>El arte de hacer preguntas<\/i>\u00a0descubrir\u00e1s el secreto de hacer preguntasde alto nivel para descubrir informaci\u00f3n clave y ganar la batalla. Los buenos\u00a0<b>entrevistadores, reporteros, pol\u00edticos, l\u00edderes\u00a0<\/b>y\u00a0<b>negociadores de alto calibre<\/b>, usan informaci\u00f3n de la contraparte para convencer y cerrar los grandes acuerdos.<\/p>\n<p>El principio subyacente de mis t\u00e9cnicas de preguntas es que todas las personas tienen en su mente una visi\u00f3n de lo que quieren obtener en una entrevista y eso lo podr\u00e1s aprender en este libro. Ya que si la descubres podr\u00e1s usarla como poder de\u00a0<b>persuasi\u00f3n<\/b>\u00a0para lograr tu objetivo.<\/p>\n<p>Los\u00a0<b>grandes l\u00edderes<\/b>\u00a0dirigen aplicando preguntas de alto impacto. Utilizan lo que saben articul\u00e1ndolo con\u00a0<b>preguntas inteligentes<\/b>. El gran negociador, el pol\u00edtico eficaz o el entrevistador profesional nunca muestran sus cartas, sino que a trav\u00e9s de preguntas persuasivas acometen y logran su objetivo con la informaci\u00f3n que disponen de la contraparte.<\/p>\n","protected":false},"excerpt":{"rendered":"<p>Mario Borghino<\/p>\n","protected":false},"featured_media":4353,"template":"","meta":{"_joinchat":[]},"product_brand":[],"product_cat":[41,51],"product_tag":[34],"class_list":{"0":"post-4352","1":"product","2":"type-product","3":"status-publish","4":"has-post-thumbnail","6":"product_cat-desarrollo-humano","7":"product_cat-oferta","8":"product_tag-penguin-random-house","10":"first","11":"outofstock","12":"shipping-taxable","13":"purchasable","14":"product-type-simple"},"_links":{"self":[{"href":"https:\/\/libreriahistoriasdebolsillo.com\/index.php\/wp-json\/wp\/v2\/product\/4352","targetHints":{"allow":["GET"]}}],"collection":[{"href":"https:\/\/libreriahistoriasdebolsillo.com\/index.php\/wp-json\/wp\/v2\/product"}],"about":[{"href":"https:\/\/libreriahistoriasdebolsillo.com\/index.php\/wp-json\/wp\/v2\/types\/product"}],"wp:featuredmedia":[{"embeddable":true,"href":"https:\/\/libreriahistoriasdebolsillo.com\/index.php\/wp-json\/wp\/v2\/media\/4353"}],"wp:attachment":[{"href":"https:\/\/libreriahistoriasdebolsillo.com\/index.php\/wp-json\/wp\/v2\/media?parent=4352"}],"wp:term":[{"taxonomy":"product_brand","embeddable":true,"href":"https:\/\/libreriahistoriasdebolsillo.com\/index.php\/wp-json\/wp\/v2\/product_brand?post=4352"},{"taxonomy":"product_cat","embeddable":true,"href":"https:\/\/libreriahistoriasdebolsillo.com\/index.php\/wp-json\/wp\/v2\/product_cat?post=4352"},{"taxonomy":"product_tag","embeddable":true,"href":"https:\/\/libreriahistoriasdebolsillo.com\/index.php\/wp-json\/wp\/v2\/product_tag?post=4352"}],"curies":[{"name":"wp","href":"https:\/\/api.w.org\/{rel}","templated":true}]}}