{"id":4354,"date":"2024-04-26T15:09:09","date_gmt":"2024-04-26T21:09:09","guid":{"rendered":"https:\/\/libreriahistoriasdebolsillo.com\/?post_type=product&#038;p=4354"},"modified":"2024-07-01T12:31:06","modified_gmt":"2024-07-01T18:31:06","slug":"el-arte-de-dirigir","status":"publish","type":"product","link":"https:\/\/libreriahistoriasdebolsillo.com\/index.php\/producto\/el-arte-de-dirigir\/","title":{"rendered":"El arte de dirigir"},"content":{"rendered":"<p><b>Construya el liderazgo en su interior. Este libro puede salvar su negocio: \u00a1No puede dejar de leerlo!<\/b><\/p>\n<p><b>He aqu\u00ed un libro excepcional sobre alta direcci\u00f3n. Cuando parec\u00eda que ya se hab\u00eda escrito todo sobre el tema, el experto en liderazgo Mario Borghino le descubre a los lectores 19 estrategias de \u00e9xito para competir en mercados saturados.<\/b><\/p>\n<p>Vivimos en un mundo globalizado donde la saturaci\u00f3n de productos es com\u00fan. Esto conlleva una encarnizada guerra de precios que afecta las utilidadesde cualquier negocio. Por ello, es dif\u00edcil que una nueva empresa se abra camino o encuentre una oportunidad de crecer.<\/p>\n<p>Con el fin de ayudar a los empresarios a encontrar una soluci\u00f3n a esta problem\u00e1tica, este manual ofrece 19 estrategias de \u00e9xito para competir en mercados saturados. Por medio de distintas t\u00e1cticas, el lector podr\u00e1 identificar alternativas para mejorar la competitividad de su empresa, ser\u00e1 capaz de elaborar un plan de acci\u00f3n que le permita funcionar en el mercado y ajustar\u00e1 el rumbo de su organizaci\u00f3n para alcanzar el \u00e9xito financiero.<\/p>\n","protected":false},"excerpt":{"rendered":"<p>Mario Borghino<\/p>\n","protected":false},"featured_media":4355,"template":"","meta":{"_joinchat":[]},"product_brand":[],"product_cat":[41],"product_tag":[34],"class_list":{"0":"post-4354","1":"product","2":"type-product","3":"status-publish","4":"has-post-thumbnail","6":"product_cat-desarrollo-humano","7":"product_tag-penguin-random-house","9":"first","10":"outofstock","11":"shipping-taxable","12":"purchasable","13":"product-type-simple"},"_links":{"self":[{"href":"https:\/\/libreriahistoriasdebolsillo.com\/index.php\/wp-json\/wp\/v2\/product\/4354","targetHints":{"allow":["GET"]}}],"collection":[{"href":"https:\/\/libreriahistoriasdebolsillo.com\/index.php\/wp-json\/wp\/v2\/product"}],"about":[{"href":"https:\/\/libreriahistoriasdebolsillo.com\/index.php\/wp-json\/wp\/v2\/types\/product"}],"wp:featuredmedia":[{"embeddable":true,"href":"https:\/\/libreriahistoriasdebolsillo.com\/index.php\/wp-json\/wp\/v2\/media\/4355"}],"wp:attachment":[{"href":"https:\/\/libreriahistoriasdebolsillo.com\/index.php\/wp-json\/wp\/v2\/media?parent=4354"}],"wp:term":[{"taxonomy":"product_brand","embeddable":true,"href":"https:\/\/libreriahistoriasdebolsillo.com\/index.php\/wp-json\/wp\/v2\/product_brand?post=4354"},{"taxonomy":"product_cat","embeddable":true,"href":"https:\/\/libreriahistoriasdebolsillo.com\/index.php\/wp-json\/wp\/v2\/product_cat?post=4354"},{"taxonomy":"product_tag","embeddable":true,"href":"https:\/\/libreriahistoriasdebolsillo.com\/index.php\/wp-json\/wp\/v2\/product_tag?post=4354"}],"curies":[{"name":"wp","href":"https:\/\/api.w.org\/{rel}","templated":true}]}}