{"id":4359,"date":"2024-04-26T15:15:53","date_gmt":"2024-04-26T21:15:53","guid":{"rendered":"https:\/\/libreriahistoriasdebolsillo.com\/?post_type=product&#038;p=4359"},"modified":"2024-07-01T13:33:41","modified_gmt":"2024-07-01T19:33:41","slug":"fahrenheit-451-novela-grafica","status":"publish","type":"product","link":"https:\/\/libreriahistoriasdebolsillo.com\/index.php\/producto\/fahrenheit-451-novela-grafica\/","title":{"rendered":"Fahrenheit 451 novela gr\u00e1fica"},"content":{"rendered":"<p><i>Fahrenheit 451<\/i>\u00a0cuenta la historia de un sombr\u00edo y horroroso futuro. Montag, el protagonista, pertenece a una extra\u00f1a brigada de bomberos cuya misi\u00f3n, parad\u00f3jicamente, no es la de sofocar incendios, sino la de provocarlos para quemar libros. Porque en el pa\u00eds de Montag est\u00e1 terminantemente prohibido leer. Porque leer obliga a pensar, y en el pa\u00eds de Montag est\u00e1 prohibido pensar. Porque leer impide ser ingenuamente feliz, y en el pa\u00eds de Montag hay que ser feliz a la fuerza&#8230;<\/p>\n<p>Tim Hamilton convierte en imagen la visionaria distop\u00eda ideada por Ray Bradbury a mediados del siglo pasado, sin saberlo mas quiz\u00e1 intuyendo la vigencia de una advertencia imperecedera.<\/p>\n","protected":false},"excerpt":{"rendered":"<p>Ray Bradbury, adaptado por Tim Hamilton<\/p>\n","protected":false},"featured_media":4360,"template":"","meta":{"_joinchat":[]},"product_brand":[],"product_cat":[67],"product_tag":[34],"class_list":{"0":"post-4359","1":"product","2":"type-product","3":"status-publish","4":"has-post-thumbnail","6":"product_cat-manga","7":"product_tag-penguin-random-house","9":"first","10":"outofstock","11":"shipping-taxable","12":"purchasable","13":"product-type-simple"},"_links":{"self":[{"href":"https:\/\/libreriahistoriasdebolsillo.com\/index.php\/wp-json\/wp\/v2\/product\/4359","targetHints":{"allow":["GET"]}}],"collection":[{"href":"https:\/\/libreriahistoriasdebolsillo.com\/index.php\/wp-json\/wp\/v2\/product"}],"about":[{"href":"https:\/\/libreriahistoriasdebolsillo.com\/index.php\/wp-json\/wp\/v2\/types\/product"}],"wp:featuredmedia":[{"embeddable":true,"href":"https:\/\/libreriahistoriasdebolsillo.com\/index.php\/wp-json\/wp\/v2\/media\/4360"}],"wp:attachment":[{"href":"https:\/\/libreriahistoriasdebolsillo.com\/index.php\/wp-json\/wp\/v2\/media?parent=4359"}],"wp:term":[{"taxonomy":"product_brand","embeddable":true,"href":"https:\/\/libreriahistoriasdebolsillo.com\/index.php\/wp-json\/wp\/v2\/product_brand?post=4359"},{"taxonomy":"product_cat","embeddable":true,"href":"https:\/\/libreriahistoriasdebolsillo.com\/index.php\/wp-json\/wp\/v2\/product_cat?post=4359"},{"taxonomy":"product_tag","embeddable":true,"href":"https:\/\/libreriahistoriasdebolsillo.com\/index.php\/wp-json\/wp\/v2\/product_tag?post=4359"}],"curies":[{"name":"wp","href":"https:\/\/api.w.org\/{rel}","templated":true}]}}