{"id":4364,"date":"2024-04-26T15:26:53","date_gmt":"2024-04-26T21:26:53","guid":{"rendered":"https:\/\/libreriahistoriasdebolsillo.com\/?post_type=product&#038;p=4364"},"modified":"2024-07-01T13:34:17","modified_gmt":"2024-07-01T19:34:17","slug":"memorias-de-una-infamia-ed-actualizada","status":"publish","type":"product","link":"https:\/\/libreriahistoriasdebolsillo.com\/index.php\/producto\/memorias-de-una-infamia-ed-actualizada\/","title":{"rendered":"Memorias de una infamia ed. actualizada"},"content":{"rendered":"<p align=\"JUSTIFY\"><b>Pr\u00f3logo de Carmen Aristegui<\/b><\/p>\n<p align=\"JUSTIFY\">Edici\u00f3n actualizada<\/p>\n<p align=\"JUSTIFY\">Nunca como ahora es tan pertinente este duro libro de Lydia Cacho porque en \u00e9l revela c\u00f3mo opera el sistema, en particular los m\u00e1s poderosos pri\u00edstas para proteger a pederastas que esclavizan ni\u00f1as y ni\u00f1os en M\u00e9xico. Este revelador libro le pone nombre y rostro a quienes, ahora de vuelta en el poder total, pretenden arrasar con lo mejor del periodismo de investigaci\u00f3n.<\/p>\n<p align=\"JUSTIFY\">\u00abMario Mar\u00edn se fue de Casa Puebla sin dejar claro c\u00f3mo gast\u00f3 184 millones y medio de pesos en 2006 para contener el sismo pol\u00edtico que le signific\u00f3 el affaire Cacho-Mar\u00edn.S\u00f3lo explic\u00f3 c\u00f3mo distribuy\u00f3 121 millones de pesos, del resto -63 millones- nada se sabe.\u00bb<\/p>\n<p align=\"JUSTIFY\"><i>Ernesto Aroche, Animal Pol\u00edtico<\/i><\/p>\n<p align=\"JUSTIFY\">\u00abLydia Cacho es una mujer visible al servicio de las mujeres invisibles. Una voz que se impone al servicio de voces que no pueden hacerse escuchar.\u00bb<\/p>\n<p align=\"JUSTIFY\"><i>Denise Dresser, Diario Reforma<\/i><\/p>\n<p align=\"JUSTIFY\">\u00abElla es una periodista profesional, valiente e \u00edntegra. Lo demuestra una y otra vez. Siempre nos recuerda con el ejemplo que no debemos darnos por vencidos.\u00bb<\/p>\n<p align=\"JUSTIFY\"><i>Javier Sol\u00f3rzano, Ultra Noticias<\/i><\/p>\n","protected":false},"excerpt":{"rendered":"<p>Lydia Cacho<\/p>\n","protected":false},"featured_media":4365,"template":"","meta":{"_joinchat":[]},"product_brand":[],"product_cat":[41,64],"product_tag":[34],"class_list":{"0":"post-4364","1":"product","2":"type-product","3":"status-publish","4":"has-post-thumbnail","6":"product_cat-desarrollo-humano","7":"product_cat-periodismo","8":"product_tag-penguin-random-house","10":"first","11":"outofstock","12":"shipping-taxable","13":"purchasable","14":"product-type-simple"},"_links":{"self":[{"href":"https:\/\/libreriahistoriasdebolsillo.com\/index.php\/wp-json\/wp\/v2\/product\/4364","targetHints":{"allow":["GET"]}}],"collection":[{"href":"https:\/\/libreriahistoriasdebolsillo.com\/index.php\/wp-json\/wp\/v2\/product"}],"about":[{"href":"https:\/\/libreriahistoriasdebolsillo.com\/index.php\/wp-json\/wp\/v2\/types\/product"}],"wp:featuredmedia":[{"embeddable":true,"href":"https:\/\/libreriahistoriasdebolsillo.com\/index.php\/wp-json\/wp\/v2\/media\/4365"}],"wp:attachment":[{"href":"https:\/\/libreriahistoriasdebolsillo.com\/index.php\/wp-json\/wp\/v2\/media?parent=4364"}],"wp:term":[{"taxonomy":"product_brand","embeddable":true,"href":"https:\/\/libreriahistoriasdebolsillo.com\/index.php\/wp-json\/wp\/v2\/product_brand?post=4364"},{"taxonomy":"product_cat","embeddable":true,"href":"https:\/\/libreriahistoriasdebolsillo.com\/index.php\/wp-json\/wp\/v2\/product_cat?post=4364"},{"taxonomy":"product_tag","embeddable":true,"href":"https:\/\/libreriahistoriasdebolsillo.com\/index.php\/wp-json\/wp\/v2\/product_tag?post=4364"}],"curies":[{"name":"wp","href":"https:\/\/api.w.org\/{rel}","templated":true}]}}