{"id":4366,"date":"2024-04-26T15:28:49","date_gmt":"2024-04-26T21:28:49","guid":{"rendered":"https:\/\/libreriahistoriasdebolsillo.com\/?post_type=product&#038;p=4366"},"modified":"2024-07-01T13:34:13","modified_gmt":"2024-07-01T19:34:13","slug":"esclavas-del-poder","status":"publish","type":"product","link":"https:\/\/libreriahistoriasdebolsillo.com\/index.php\/producto\/esclavas-del-poder\/","title":{"rendered":"Esclavas del poder"},"content":{"rendered":"<p><b>Por la periodista Lydia Cacho, autora del bestseller\u00a0<i>Los demonios del Ed\u00e9n<\/i>.<\/b><\/p>\n<p><b>Pr\u00f3logo de Roberto Saviano<\/b><\/p>\n<p>A partir de casos concretos, as\u00ed como de historias conmovedoras, Lydia Cacho sigue una l\u00ednea de investigaci\u00f3n para llegar a las mafias de tratantes de mujeres, que la conducen desde M\u00e9xico hasta Kirguist\u00e1n, pasando por Malasia, Jap\u00f3n y Myanmar, entre otras partes del mundo. Lydia Cacho lleva al lector de la mano por un viaje emocionante en el que encuentra la voz de las v\u00edctimas y al mismo tiempo expone a los servidores p\u00fablicos dedicados a proteger a dichas mafias.<\/p>\n<p><i>Esclavas del poder<\/i>\u00a0es un mapa global de la trata de mujeres. Un viaje de ida y vuelta, en el cu\u00e1l la autora sigue la cadena de lo que los expertos han llamado \u00abla esclavitud del siglo XXI\u00bb.<\/p>\n<p><b>Otros autores han opinado:<\/b><\/p>\n<p>\u00abLydia Cacho es un s\u00edmbolo del periodismo valiente. En este libro Lydia llega m\u00e1s all\u00e1 de las fronteras de M\u00e9xico. Ataviada con disfraces diversos, viaja desde los bajos fondos mexicanos de la Merced hasta los centros nocturnos y los prost\u00edbulos de Jap\u00f3n, pasando por muchos otros nudos de la inmensa telara\u00f1a de mafiosos, empresarios, polic\u00edas, jueces y pol\u00edticos que manejan el negocio en el mundo. Lydia escucha, para que sean escuchadas, las voces de las v\u00edctimas, las vidas rotas, y acusa a quienes ejercen la forma m\u00e1s abyecta del derecho de propiedad, hombres due\u00f1os de mujeres, adultos due\u00f1os de ni\u00f1os: esos supermachos que humillando a los m\u00e1s d\u00e9biles manifiestan su despreciable poder.\u00bb &#8211; Eduardo Galeano<\/p>\n<p>\u00abLydia Cacho se mete en los vericuetos necesarios para mostrar el mapa de la esclavitud contempor\u00e1nea, las rutas de este comercio criminal y c\u00f3mo el fen\u00f3meno est\u00e1 entramado a trav\u00e9s de un putrefacto involucramiento gubernamental, la complacencia y la indiferencia de amplias capas de la sociedad.\u00bb &#8211; Carmen Aristegui<\/p>\n","protected":false},"excerpt":{"rendered":"<p>Lydia Cacho<\/p>\n","protected":false},"featured_media":4367,"template":"","meta":{"_joinchat":[]},"product_brand":[],"product_cat":[41,64],"product_tag":[34],"class_list":{"0":"post-4366","1":"product","2":"type-product","3":"status-publish","4":"has-post-thumbnail","6":"product_cat-desarrollo-humano","7":"product_cat-periodismo","8":"product_tag-penguin-random-house","10":"first","11":"outofstock","12":"shipping-taxable","13":"purchasable","14":"product-type-simple"},"_links":{"self":[{"href":"https:\/\/libreriahistoriasdebolsillo.com\/index.php\/wp-json\/wp\/v2\/product\/4366","targetHints":{"allow":["GET"]}}],"collection":[{"href":"https:\/\/libreriahistoriasdebolsillo.com\/index.php\/wp-json\/wp\/v2\/product"}],"about":[{"href":"https:\/\/libreriahistoriasdebolsillo.com\/index.php\/wp-json\/wp\/v2\/types\/product"}],"wp:featuredmedia":[{"embeddable":true,"href":"https:\/\/libreriahistoriasdebolsillo.com\/index.php\/wp-json\/wp\/v2\/media\/4367"}],"wp:attachment":[{"href":"https:\/\/libreriahistoriasdebolsillo.com\/index.php\/wp-json\/wp\/v2\/media?parent=4366"}],"wp:term":[{"taxonomy":"product_brand","embeddable":true,"href":"https:\/\/libreriahistoriasdebolsillo.com\/index.php\/wp-json\/wp\/v2\/product_brand?post=4366"},{"taxonomy":"product_cat","embeddable":true,"href":"https:\/\/libreriahistoriasdebolsillo.com\/index.php\/wp-json\/wp\/v2\/product_cat?post=4366"},{"taxonomy":"product_tag","embeddable":true,"href":"https:\/\/libreriahistoriasdebolsillo.com\/index.php\/wp-json\/wp\/v2\/product_tag?post=4366"}],"curies":[{"name":"wp","href":"https:\/\/api.w.org\/{rel}","templated":true}]}}