{"id":4368,"date":"2024-04-26T15:31:04","date_gmt":"2024-04-26T21:31:04","guid":{"rendered":"https:\/\/libreriahistoriasdebolsillo.com\/?post_type=product&#038;p=4368"},"modified":"2024-07-01T13:34:42","modified_gmt":"2024-07-01T19:34:42","slug":"un-clavado-a-tu-cerebro","status":"publish","type":"product","link":"https:\/\/libreriahistoriasdebolsillo.com\/index.php\/producto\/un-clavado-a-tu-cerebro\/","title":{"rendered":"Un clavado a tu cerebro"},"content":{"rendered":"<p><b>\u00bfPor qu\u00e9 sientes celos, ansiedad, angustia? \u00bfSab\u00edas que existen \u00e1reas cerebrales de la fidelidad? \u00bfSabes qu\u00e9 le sucede a tu cerebro cuando te enamoras? \u00bfSab\u00edas que algunas neuronas s\u00ed pueden regenerarse?<\/b><\/p>\n<p><b>Eduardo Calixto, colaborador de Martha Debayle en W Radio y destacado experto en Neurociencias, te explica de manera clara y pr\u00e1ctica el funcionamiento de tu cerebro y su papel en tu vida diaria.<\/b><\/p>\n<p>El destacado m\u00e9dico cirujano y doctor en\u00a0<b>Neurociencias<\/b>, Eduardo Calixto, ofrece en estas p\u00e1ginas un recorrido por las funciones de tu\u00a0<b>cerebro\u00a0<\/b>y te explica de la manera m\u00e1s sencilla, clara y divertida, la importancia del amor en el cerebro, la\u00a0<b>fisiolog\u00eda sexual<\/b>, en qu\u00e9 consiste la\u00a0<b>celotipia\u00a0<\/b>y la experiencia musical en el cerebro, entre muchos temas m\u00e1s, apasionantes, reveladores, que te permitir\u00e1n conocerte m\u00e1s y entender aspectos de tus sensaciones que jam\u00e1s hab\u00edas imaginado. Adem\u00e1s, te comparte los 10 elementos b\u00e1sicos para una\u00a0<b>mejor memoria<\/b>, el dec\u00e1logo cotidiano para hacer m\u00e1s inteligente a nuestro cerebro, as\u00ed como una serie de mitos sobre \u00e9ste, y recomendaciones para tener un mejor cerebro.<\/p>\n<p>Un clavado a tu cerebro es la respuesta cient\u00edfica que detalla las relaciones entre\u00a0<b>hormonas<\/b>, conducta y cerebro, explica qu\u00e9 caracter\u00edsticas le gustan a los hombres de las mujeres y cu\u00e1les las atraen a ellas de los hombres, qu\u00e9 procesos se dan para que el ser humano sienta envidia, desprecio o enojo y c\u00f3mo reacciona el cerebro ante el estr\u00e9s, el temor y la alegr\u00eda. Si de verdad quieres conocerte m\u00e1s y profundamente, qu\u00e9 esperas: \u00a1S\u00f3lo \u00e9chate con este libro un clavado a tu cerebro!<\/p>\n","protected":false},"excerpt":{"rendered":"<p>Dr. Eduardo Calixto<\/p>\n","protected":false},"featured_media":4369,"template":"","meta":{"_joinchat":[]},"product_brand":[],"product_cat":[41],"product_tag":[34],"class_list":{"0":"post-4368","1":"product","2":"type-product","3":"status-publish","4":"has-post-thumbnail","6":"product_cat-desarrollo-humano","7":"product_tag-penguin-random-house","9":"first","10":"outofstock","11":"shipping-taxable","12":"purchasable","13":"product-type-simple"},"_links":{"self":[{"href":"https:\/\/libreriahistoriasdebolsillo.com\/index.php\/wp-json\/wp\/v2\/product\/4368","targetHints":{"allow":["GET"]}}],"collection":[{"href":"https:\/\/libreriahistoriasdebolsillo.com\/index.php\/wp-json\/wp\/v2\/product"}],"about":[{"href":"https:\/\/libreriahistoriasdebolsillo.com\/index.php\/wp-json\/wp\/v2\/types\/product"}],"wp:featuredmedia":[{"embeddable":true,"href":"https:\/\/libreriahistoriasdebolsillo.com\/index.php\/wp-json\/wp\/v2\/media\/4369"}],"wp:attachment":[{"href":"https:\/\/libreriahistoriasdebolsillo.com\/index.php\/wp-json\/wp\/v2\/media?parent=4368"}],"wp:term":[{"taxonomy":"product_brand","embeddable":true,"href":"https:\/\/libreriahistoriasdebolsillo.com\/index.php\/wp-json\/wp\/v2\/product_brand?post=4368"},{"taxonomy":"product_cat","embeddable":true,"href":"https:\/\/libreriahistoriasdebolsillo.com\/index.php\/wp-json\/wp\/v2\/product_cat?post=4368"},{"taxonomy":"product_tag","embeddable":true,"href":"https:\/\/libreriahistoriasdebolsillo.com\/index.php\/wp-json\/wp\/v2\/product_tag?post=4368"}],"curies":[{"name":"wp","href":"https:\/\/api.w.org\/{rel}","templated":true}]}}