{"id":4372,"date":"2024-04-26T15:43:01","date_gmt":"2024-04-26T21:43:01","guid":{"rendered":"https:\/\/libreriahistoriasdebolsillo.com\/?post_type=product&#038;p=4372"},"modified":"2025-07-08T11:31:04","modified_gmt":"2025-07-08T17:31:04","slug":"la-razon-de-estar-contigo","status":"publish","type":"product","link":"https:\/\/libreriahistoriasdebolsillo.com\/index.php\/producto\/la-razon-de-estar-contigo\/","title":{"rendered":"La raz\u00f3n de estar contigo"},"content":{"rendered":"<p><b>El libro que inspir\u00f3 la pel\u00edcula protagonizada por Britt Robertson, Dennis Quaid y Josh Gad. M\u00e1s de un mill\u00f3n de ejemplares vendidos en Estados Unidos. Cincuenta y dos semanas consecutivas en las listas de ventas de Estados Unidos.<\/b><\/p>\n<p>Reconfortante, profunda y repleta de momentos de felicidad y risas,\u00a0<i>La raz\u00f3n de estar contigo<\/i>\u00a0no es tan solo la historia emotiva de las m\u00faltiples vidas de un perro, es tambi\u00e9n la narraci\u00f3n de las relaciones de los humanos vistas desde los ojos de un perro y de los inquebrantables lazos que existen entre el hombre y su mejor amigo.<\/p>\n<p>Esta conmovedora historia nos ense\u00f1ar\u00e1 que el amor nunca muere, que nuestros verdaderos amigos estar\u00e1n siempre a nuestro lado y que cada criatura en la Tierra ha nacido con alg\u00fan prop\u00f3sito.<\/p>\n","protected":false},"excerpt":{"rendered":"<p>W. Bruce Cameron<\/p>\n","protected":false},"featured_media":4373,"template":"","meta":{"_joinchat":[]},"product_brand":[],"product_cat":[78],"product_tag":[34],"class_list":{"0":"post-4372","1":"product","2":"type-product","3":"status-publish","4":"has-post-thumbnail","6":"product_cat-contemporanea","7":"product_tag-penguin-random-house","9":"first","10":"outofstock","11":"shipping-taxable","12":"purchasable","13":"product-type-simple"},"_links":{"self":[{"href":"https:\/\/libreriahistoriasdebolsillo.com\/index.php\/wp-json\/wp\/v2\/product\/4372","targetHints":{"allow":["GET"]}}],"collection":[{"href":"https:\/\/libreriahistoriasdebolsillo.com\/index.php\/wp-json\/wp\/v2\/product"}],"about":[{"href":"https:\/\/libreriahistoriasdebolsillo.com\/index.php\/wp-json\/wp\/v2\/types\/product"}],"wp:featuredmedia":[{"embeddable":true,"href":"https:\/\/libreriahistoriasdebolsillo.com\/index.php\/wp-json\/wp\/v2\/media\/4373"}],"wp:attachment":[{"href":"https:\/\/libreriahistoriasdebolsillo.com\/index.php\/wp-json\/wp\/v2\/media?parent=4372"}],"wp:term":[{"taxonomy":"product_brand","embeddable":true,"href":"https:\/\/libreriahistoriasdebolsillo.com\/index.php\/wp-json\/wp\/v2\/product_brand?post=4372"},{"taxonomy":"product_cat","embeddable":true,"href":"https:\/\/libreriahistoriasdebolsillo.com\/index.php\/wp-json\/wp\/v2\/product_cat?post=4372"},{"taxonomy":"product_tag","embeddable":true,"href":"https:\/\/libreriahistoriasdebolsillo.com\/index.php\/wp-json\/wp\/v2\/product_tag?post=4372"}],"curies":[{"name":"wp","href":"https:\/\/api.w.org\/{rel}","templated":true}]}}