{"id":4374,"date":"2024-04-26T15:45:10","date_gmt":"2024-04-26T21:45:10","guid":{"rendered":"https:\/\/libreriahistoriasdebolsillo.com\/?post_type=product&#038;p=4374"},"modified":"2024-06-22T15:46:34","modified_gmt":"2024-06-22T21:46:34","slug":"la-razon-de-estar-contigo-2-un-nuevo-viaje","status":"publish","type":"product","link":"https:\/\/libreriahistoriasdebolsillo.com\/index.php\/producto\/la-razon-de-estar-contigo-2-un-nuevo-viaje\/","title":{"rendered":"La raz\u00f3n de estar contigo 2. Un nuevo viaje"},"content":{"rendered":"<p><b>Chico es un buen perro.<\/b>\u00a0Tras la b\u00fasqueda de sus prop\u00f3sitos de vida a trav\u00e9s de distintas\u00a0<b>reencarnaciones<\/b>, est\u00e1 seguro de haber encontrado una nueva vida que le llena del todo. Mientras observa con curiosidad a la peque\u00f1a Clarity -una beb\u00e9 que siempre est\u00e1 haciendo peligrosas travesuras-, Chico est\u00e1 convencido de que es la ni\u00f1a ideal para pasar con ella esta nueva etapa.<\/p>\n<p>Cuando Chico reencarna de nuevo, descubre que tiene un nuevo destino. Es feliz porque vuelve a ser adoptado por Clarity, ahora una en\u00e9rgica pero problem\u00e1tica adolescente. Pero cuando de pronto los separan, Chico se pregunta\u00a0<b>qui\u00e9n se encargar\u00e1 de cuidarla.<\/b><\/p>\n<p>Una cautivadora historia de amor, esperanza y entrega que har\u00e1 que nos planteemos<b>\u00a0si cuidamos nosotros de nuestras mascotas o son ellas quienes cuidande nosotros.<\/b>\u00a0Mucho m\u00e1s que una enternecedora historia sobre perros,\u00a0<i>La raz\u00f3n de estar contigo. Un nuevo viaje<\/i>\u00a0es un conmovedor relato de lealtad y amor que atravesar\u00e1 todas las barreras.<\/p>\n","protected":false},"excerpt":{"rendered":"<p>W. Bruce Cameron<\/p>\n","protected":false},"featured_media":4375,"template":"","meta":{"_joinchat":[]},"product_brand":[],"product_cat":[78],"product_tag":[34],"class_list":{"0":"post-4374","1":"product","2":"type-product","3":"status-publish","4":"has-post-thumbnail","6":"product_cat-contemporanea","7":"product_tag-penguin-random-house","9":"first","10":"outofstock","11":"shipping-taxable","12":"purchasable","13":"product-type-simple"},"_links":{"self":[{"href":"https:\/\/libreriahistoriasdebolsillo.com\/index.php\/wp-json\/wp\/v2\/product\/4374","targetHints":{"allow":["GET"]}}],"collection":[{"href":"https:\/\/libreriahistoriasdebolsillo.com\/index.php\/wp-json\/wp\/v2\/product"}],"about":[{"href":"https:\/\/libreriahistoriasdebolsillo.com\/index.php\/wp-json\/wp\/v2\/types\/product"}],"wp:featuredmedia":[{"embeddable":true,"href":"https:\/\/libreriahistoriasdebolsillo.com\/index.php\/wp-json\/wp\/v2\/media\/4375"}],"wp:attachment":[{"href":"https:\/\/libreriahistoriasdebolsillo.com\/index.php\/wp-json\/wp\/v2\/media?parent=4374"}],"wp:term":[{"taxonomy":"product_brand","embeddable":true,"href":"https:\/\/libreriahistoriasdebolsillo.com\/index.php\/wp-json\/wp\/v2\/product_brand?post=4374"},{"taxonomy":"product_cat","embeddable":true,"href":"https:\/\/libreriahistoriasdebolsillo.com\/index.php\/wp-json\/wp\/v2\/product_cat?post=4374"},{"taxonomy":"product_tag","embeddable":true,"href":"https:\/\/libreriahistoriasdebolsillo.com\/index.php\/wp-json\/wp\/v2\/product_tag?post=4374"}],"curies":[{"name":"wp","href":"https:\/\/api.w.org\/{rel}","templated":true}]}}