{"id":4376,"date":"2024-04-26T15:47:17","date_gmt":"2024-04-26T21:47:17","guid":{"rendered":"https:\/\/libreriahistoriasdebolsillo.com\/?post_type=product&#038;p=4376"},"modified":"2024-06-22T15:46:30","modified_gmt":"2024-06-22T21:46:30","slug":"la-razon-de-estar-contigo-3-el-regreso-a-casa","status":"publish","type":"product","link":"https:\/\/libreriahistoriasdebolsillo.com\/index.php\/producto\/la-razon-de-estar-contigo-3-el-regreso-a-casa\/","title":{"rendered":"La raz\u00f3n de estar contigo 3. El regreso a casa"},"content":{"rendered":"<p><b>Lucas Ray\u00a0<\/b>se queda totalmente fascinado cuando un adorable\u00a0<b>cachorro\u00a0<\/b>salta a sus brazos desde un edificio abandonado. A pesar de que en el departamento en el que vive con su madre\u00a0<b>no se aceptan perros,<\/b>\u00a0no puede resistir la tentaci\u00f3n de llevarse a Bella a casa. Bella y Lucas enseguida se convierten en\u00a0<b>almas gemelas<\/b>, aunque ella no entienda la importancia de juegos como NO LADRAR.<\/p>\n<p>Pero cada vez es m\u00e1s complicado evitar que los vecinos\u00a0<b>descubran\u00a0<\/b>a Bella, por lo que Lucas tiene que llev\u00e1rsela al trabajo. All\u00ed, Bella dar\u00e1 felicidad a quienes m\u00e1s la necesitan. Pero Bella es capturada por\u00a0<b>Control de Animales<\/b>, ya que los\u00a0<b>pitbulls\u00a0<\/b>no est\u00e1n permitidos en la ciudad, y Lucas tendr\u00e1 que enviarla a un centro de protecci\u00f3n hasta que se le ocurra c\u00f3mo recuperarla.<\/p>\n<p>Bella, triste tras la separaci\u00f3n, no tiene intenciones de esperar. Con m\u00e1sde 800 kil\u00f3metros de distancia entre ella y su alma gemela, emprender\u00e1 una\u00a0<b>aventura inolvidable\u00a0<\/b>que la llevar\u00e1 de regreso a casa.<\/p>\n<p>Una cautivadora historia de\u00a0<b>lealtad\u00a0<\/b>incondicional y devoci\u00f3n incre\u00edble.\u00a0<i>La raz\u00f3n de estar contigo. El regreso a casa\u00a0<\/i>es una maravillosa novela sobre los lazos que nos unen a nuestras\u00a0<b>mascotas<\/b>.<\/p>\n","protected":false},"excerpt":{"rendered":"<p>W. Bruce Cameron<\/p>\n","protected":false},"featured_media":4377,"template":"","meta":{"_joinchat":[]},"product_brand":[],"product_cat":[78],"product_tag":[34],"class_list":{"0":"post-4376","1":"product","2":"type-product","3":"status-publish","4":"has-post-thumbnail","6":"product_cat-contemporanea","7":"product_tag-penguin-random-house","9":"first","10":"outofstock","11":"shipping-taxable","12":"purchasable","13":"product-type-simple"},"_links":{"self":[{"href":"https:\/\/libreriahistoriasdebolsillo.com\/index.php\/wp-json\/wp\/v2\/product\/4376","targetHints":{"allow":["GET"]}}],"collection":[{"href":"https:\/\/libreriahistoriasdebolsillo.com\/index.php\/wp-json\/wp\/v2\/product"}],"about":[{"href":"https:\/\/libreriahistoriasdebolsillo.com\/index.php\/wp-json\/wp\/v2\/types\/product"}],"wp:featuredmedia":[{"embeddable":true,"href":"https:\/\/libreriahistoriasdebolsillo.com\/index.php\/wp-json\/wp\/v2\/media\/4377"}],"wp:attachment":[{"href":"https:\/\/libreriahistoriasdebolsillo.com\/index.php\/wp-json\/wp\/v2\/media?parent=4376"}],"wp:term":[{"taxonomy":"product_brand","embeddable":true,"href":"https:\/\/libreriahistoriasdebolsillo.com\/index.php\/wp-json\/wp\/v2\/product_brand?post=4376"},{"taxonomy":"product_cat","embeddable":true,"href":"https:\/\/libreriahistoriasdebolsillo.com\/index.php\/wp-json\/wp\/v2\/product_cat?post=4376"},{"taxonomy":"product_tag","embeddable":true,"href":"https:\/\/libreriahistoriasdebolsillo.com\/index.php\/wp-json\/wp\/v2\/product_tag?post=4376"}],"curies":[{"name":"wp","href":"https:\/\/api.w.org\/{rel}","templated":true}]}}