{"id":4379,"date":"2024-04-26T16:05:29","date_gmt":"2024-04-26T22:05:29","guid":{"rendered":"https:\/\/libreriahistoriasdebolsillo.com\/?post_type=product&#038;p=4379"},"modified":"2026-03-23T17:00:26","modified_gmt":"2026-03-23T23:00:26","slug":"el-mito-de-sisifo","status":"publish","type":"product","link":"https:\/\/libreriahistoriasdebolsillo.com\/index.php\/producto\/el-mito-de-sisifo\/","title":{"rendered":"El mito de S\u00edsifo"},"content":{"rendered":"<p><b>Publicado en 1942<\/b>\u00a0poco despu\u00e9s que El extranjero<b>, El mito de S\u00edsifo<\/b>\u00a0consolida el ciclo de\u00a0<b>Albert Camus sobre el absurdo<\/b>. El t\u00edtulo alude al personaje de la\u00a0<b>mitolog\u00eda grieg<\/b>a condenado por los dioses a empujar monta\u00f1a arriba una piedra enorme, que vuelve a caer al valle cuando est\u00e1 a punto de alcanzar la cumbre. En esa figura tr\u00e1gica se ha visto la condici\u00f3n del hombre moderno, prisionero de mandatos extenuantes y labores sin sentido. Pero la respuesta filos\u00f3fica de Camus no apunta al pesimismo, sino a una verdadera \u00e9tica vitalista. Si el encuentro humano con el mundo es absurdo, cabe elegir la rebeli\u00f3n, la libertad y la pasi\u00f3n.<\/p>\n","protected":false},"excerpt":{"rendered":"<p>Albert Camus<\/p>\n","protected":false},"featured_media":4380,"template":"","meta":{"_joinchat":[]},"product_brand":[],"product_cat":[61,51],"product_tag":[34],"class_list":{"0":"post-4379","1":"product","2":"type-product","3":"status-publish","4":"has-post-thumbnail","6":"product_cat-filosofia","7":"product_cat-oferta","8":"product_tag-penguin-random-house","10":"first","11":"outofstock","12":"shipping-taxable","13":"purchasable","14":"product-type-simple"},"_links":{"self":[{"href":"https:\/\/libreriahistoriasdebolsillo.com\/index.php\/wp-json\/wp\/v2\/product\/4379","targetHints":{"allow":["GET"]}}],"collection":[{"href":"https:\/\/libreriahistoriasdebolsillo.com\/index.php\/wp-json\/wp\/v2\/product"}],"about":[{"href":"https:\/\/libreriahistoriasdebolsillo.com\/index.php\/wp-json\/wp\/v2\/types\/product"}],"wp:featuredmedia":[{"embeddable":true,"href":"https:\/\/libreriahistoriasdebolsillo.com\/index.php\/wp-json\/wp\/v2\/media\/4380"}],"wp:attachment":[{"href":"https:\/\/libreriahistoriasdebolsillo.com\/index.php\/wp-json\/wp\/v2\/media?parent=4379"}],"wp:term":[{"taxonomy":"product_brand","embeddable":true,"href":"https:\/\/libreriahistoriasdebolsillo.com\/index.php\/wp-json\/wp\/v2\/product_brand?post=4379"},{"taxonomy":"product_cat","embeddable":true,"href":"https:\/\/libreriahistoriasdebolsillo.com\/index.php\/wp-json\/wp\/v2\/product_cat?post=4379"},{"taxonomy":"product_tag","embeddable":true,"href":"https:\/\/libreriahistoriasdebolsillo.com\/index.php\/wp-json\/wp\/v2\/product_tag?post=4379"}],"curies":[{"name":"wp","href":"https:\/\/api.w.org\/{rel}","templated":true}]}}