{"id":4381,"date":"2024-04-26T16:07:41","date_gmt":"2024-04-26T22:07:41","guid":{"rendered":"https:\/\/libreriahistoriasdebolsillo.com\/?post_type=product&#038;p=4381"},"modified":"2024-07-01T13:34:53","modified_gmt":"2024-07-01T19:34:53","slug":"desayuno-en-tiffanys","status":"publish","type":"product","link":"https:\/\/libreriahistoriasdebolsillo.com\/index.php\/producto\/desayuno-en-tiffanys\/","title":{"rendered":"Desayuno en Tiffany\u00b4s"},"content":{"rendered":"<p><b>Holly Golightly es, tal vez, el personaje m\u00e1s cautivante creado por ese maestro de la seducci\u00f3n que era Truman Capote.<\/b><\/p>\n<p><b>Inmortalizada en el cine por la inolvidable Audrey Hepburn en la pel\u00edcula de 1961\u00a0<i>Breakfast at Tiffany&#8217;s<\/i>.<\/b><\/p>\n<p>Atractiva sin ser linda, tras haber rechazado una carrera de actriz en Hollywood, Holly se convierte en una de las figuras del Nueva York m\u00e1s sofisticado, bebiendo c\u00f3cteles y rompiendo corazones. Mezcla de picard\u00eda e inocencia, de astucia y autenticidad, Holly se contenta con vivir el d\u00eda, sin pasado, no queriendo pertenecer a nada ni a nadie, sinti\u00e9ndose desterrada en todas partes, pese al glamour que la rodea, y so\u00f1ando siempre en ese para\u00edso que para ella es Tiffany&#8217;s, la famosa joyer\u00eda neoyorquina.<\/p>\n<p>A la novela corta del t\u00edtulo la acompa\u00f1an tres cuentos: \u00abUna casa de flores\u00bb, \u00abUna guitarra de diamantes\u00bb y \u00abUn recuerdo navide\u00f1o\u00bb, no menos extraordinarios.<\/p>\n","protected":false},"excerpt":{"rendered":"<p>Truman Capote<\/p>\n","protected":false},"featured_media":4382,"template":"","meta":{"_joinchat":[]},"product_brand":[],"product_cat":[78],"product_tag":[34],"class_list":{"0":"post-4381","1":"product","2":"type-product","3":"status-publish","4":"has-post-thumbnail","6":"product_cat-contemporanea","7":"product_tag-penguin-random-house","9":"first","10":"outofstock","11":"shipping-taxable","12":"purchasable","13":"product-type-simple"},"_links":{"self":[{"href":"https:\/\/libreriahistoriasdebolsillo.com\/index.php\/wp-json\/wp\/v2\/product\/4381","targetHints":{"allow":["GET"]}}],"collection":[{"href":"https:\/\/libreriahistoriasdebolsillo.com\/index.php\/wp-json\/wp\/v2\/product"}],"about":[{"href":"https:\/\/libreriahistoriasdebolsillo.com\/index.php\/wp-json\/wp\/v2\/types\/product"}],"wp:featuredmedia":[{"embeddable":true,"href":"https:\/\/libreriahistoriasdebolsillo.com\/index.php\/wp-json\/wp\/v2\/media\/4382"}],"wp:attachment":[{"href":"https:\/\/libreriahistoriasdebolsillo.com\/index.php\/wp-json\/wp\/v2\/media?parent=4381"}],"wp:term":[{"taxonomy":"product_brand","embeddable":true,"href":"https:\/\/libreriahistoriasdebolsillo.com\/index.php\/wp-json\/wp\/v2\/product_brand?post=4381"},{"taxonomy":"product_cat","embeddable":true,"href":"https:\/\/libreriahistoriasdebolsillo.com\/index.php\/wp-json\/wp\/v2\/product_cat?post=4381"},{"taxonomy":"product_tag","embeddable":true,"href":"https:\/\/libreriahistoriasdebolsillo.com\/index.php\/wp-json\/wp\/v2\/product_tag?post=4381"}],"curies":[{"name":"wp","href":"https:\/\/api.w.org\/{rel}","templated":true}]}}