{"id":4383,"date":"2024-04-26T16:10:09","date_gmt":"2024-04-26T22:10:09","guid":{"rendered":"https:\/\/libreriahistoriasdebolsillo.com\/?post_type=product&#038;p=4383"},"modified":"2024-07-01T13:35:03","modified_gmt":"2024-07-01T19:35:03","slug":"vendes-o-vendes-tapa-dura","status":"publish","type":"product","link":"https:\/\/libreriahistoriasdebolsillo.com\/index.php\/producto\/vendes-o-vendes-tapa-dura\/","title":{"rendered":"Vendes o vendes (Tapa dura)"},"content":{"rendered":"<p><b>Por el autor bestseller de\u00a0<i>The New York Times<\/i>, Grant Cardone.<\/b><\/p>\n<p><b>Con la gran experiencia de un vendedor extraordinario,\u00a0<i>Vendes o vendes<\/i>\u00a0cambiar\u00e1 la forma en que percibes las ventas, \u00a1y la vida!<\/b><\/p>\n<p><b>El experto en ventas y grandes negocios, Grant Cardone, afirma en este libro que conocer los principios de las ventas es un requisito indispensable para el \u00e9xito en cualquier \u00e1mbito.<\/b><\/p>\n<p>Aunque se trate de vender el producto de tu compa\u00f1\u00eda o de venderte a ti mismo la idea de comer sano, todo en la vida puede -y debe- ser tratado como una venta. En\u00a0<i>Vendes o vendes<\/i>, Grant Cardone revela las t\u00e9cnicas y los acercamientos necesarios para manejar como experto el arte de vender, en cualquier lugar. Aprender\u00e1s c\u00f3mo manejar el rechazo, revertir las situaciones negativas, acortar los ciclos de venta y garantizar tu grandeza. Cardone tambi\u00e9n te ense\u00f1ar\u00e1 los puntos esenciales del \u00e9xito:<\/p>\n<p>-Vender en una mala econom\u00eda.<\/p>\n<p>-Mantenerte positivo a pesar del rechazo.<\/p>\n<p>-Llenar tu cartera con nuevos clientes.<\/p>\n<p>-Desafiar la renuencia.<\/p>\n","protected":false},"excerpt":{"rendered":"<p>Grant Cardone<\/p>\n","protected":false},"featured_media":4384,"template":"","meta":{"_joinchat":[]},"product_brand":[],"product_cat":[58,41],"product_tag":[34],"class_list":{"0":"post-4383","1":"product","2":"type-product","3":"status-publish","4":"has-post-thumbnail","6":"product_cat-desarrollo-humano-y-superacion","7":"product_cat-desarrollo-humano","8":"product_tag-penguin-random-house","10":"first","11":"outofstock","12":"shipping-taxable","13":"purchasable","14":"product-type-simple"},"_links":{"self":[{"href":"https:\/\/libreriahistoriasdebolsillo.com\/index.php\/wp-json\/wp\/v2\/product\/4383","targetHints":{"allow":["GET"]}}],"collection":[{"href":"https:\/\/libreriahistoriasdebolsillo.com\/index.php\/wp-json\/wp\/v2\/product"}],"about":[{"href":"https:\/\/libreriahistoriasdebolsillo.com\/index.php\/wp-json\/wp\/v2\/types\/product"}],"wp:featuredmedia":[{"embeddable":true,"href":"https:\/\/libreriahistoriasdebolsillo.com\/index.php\/wp-json\/wp\/v2\/media\/4384"}],"wp:attachment":[{"href":"https:\/\/libreriahistoriasdebolsillo.com\/index.php\/wp-json\/wp\/v2\/media?parent=4383"}],"wp:term":[{"taxonomy":"product_brand","embeddable":true,"href":"https:\/\/libreriahistoriasdebolsillo.com\/index.php\/wp-json\/wp\/v2\/product_brand?post=4383"},{"taxonomy":"product_cat","embeddable":true,"href":"https:\/\/libreriahistoriasdebolsillo.com\/index.php\/wp-json\/wp\/v2\/product_cat?post=4383"},{"taxonomy":"product_tag","embeddable":true,"href":"https:\/\/libreriahistoriasdebolsillo.com\/index.php\/wp-json\/wp\/v2\/product_tag?post=4383"}],"curies":[{"name":"wp","href":"https:\/\/api.w.org\/{rel}","templated":true}]}}