{"id":4389,"date":"2024-04-26T16:15:13","date_gmt":"2024-04-26T22:15:13","guid":{"rendered":"https:\/\/libreriahistoriasdebolsillo.com\/?post_type=product&#038;p=4389"},"modified":"2024-07-01T13:35:55","modified_gmt":"2024-07-01T19:35:55","slug":"el-dia-que-se-perdio-la-cordura","status":"publish","type":"product","link":"https:\/\/libreriahistoriasdebolsillo.com\/index.php\/producto\/el-dia-que-se-perdio-la-cordura\/","title":{"rendered":"El d\u00eda que se perdi\u00f3 la cordura"},"content":{"rendered":"<p><b>Centro de Boston, 24 de diciembre.<\/b><\/p>\n<p><b>Un hombre camina desnudo con la cabeza decapitada de una joven.<\/b><\/p>\n<p>El doctor Jenkins, director del\u00a0<b>centro psiqui\u00e1trico<\/b>\u00a0de la ciudad, y Stella Hyden, agente de perfiles del\u00a0<b>FBI<\/b>, se adentrar\u00e1n en una investigaci\u00f3n que pondr\u00e1 en juego sus vidas, su concepci\u00f3n de la cordura y que los llevar\u00e1 hasta unos\u00a0<b>sucesos fortuitos\u00a0<\/b>ocurridos en la misteriosa localidad de Salt Lake diecisiete a\u00f1os atr\u00e1s.<\/p>\n<p>Con un estilo \u00e1gil lleno de\u00a0<b>referencias literarias<\/b>\u00a0-Garc\u00eda M\u00e1rquez, Auster, Orwell o Stephen King- e im\u00e1genes impactantes, Javier Castillo construye un\u00a0<b>thriller narrado a tres tiempos\u00a0<\/b>que explora los l\u00edmites del ser humano y rompe los esquemas del g\u00e9nero de suspenso. Amor, odio, destino, extra\u00f1as pr\u00e1cticas, intriga y acci\u00f3n trepidante inundan las p\u00e1ginas de una novela que se ha convertido en todo un\u00a0<b>fen\u00f3meno editorial<\/b>\u00a0antes de su publicaci\u00f3n en papel.<\/p>\n<p>&nbsp;<\/p>\n<p><i>\u00abUna historia trepidante que mantiene al lector con el coraz\u00f3n en vilo&#8230; Adrenalina pura\u00bb.<\/i><\/p>\n<p>El Mundo<\/p>\n","protected":false},"excerpt":{"rendered":"<p>Javier Castillo<\/p>\n","protected":false},"featured_media":4390,"template":"","meta":{"_joinchat":[]},"product_brand":[],"product_cat":[37],"product_tag":[34],"class_list":{"0":"post-4389","1":"product","2":"type-product","3":"status-publish","4":"has-post-thumbnail","6":"product_cat-misterio-y-thriller","7":"product_tag-penguin-random-house","9":"first","10":"outofstock","11":"shipping-taxable","12":"purchasable","13":"product-type-simple"},"_links":{"self":[{"href":"https:\/\/libreriahistoriasdebolsillo.com\/index.php\/wp-json\/wp\/v2\/product\/4389","targetHints":{"allow":["GET"]}}],"collection":[{"href":"https:\/\/libreriahistoriasdebolsillo.com\/index.php\/wp-json\/wp\/v2\/product"}],"about":[{"href":"https:\/\/libreriahistoriasdebolsillo.com\/index.php\/wp-json\/wp\/v2\/types\/product"}],"wp:featuredmedia":[{"embeddable":true,"href":"https:\/\/libreriahistoriasdebolsillo.com\/index.php\/wp-json\/wp\/v2\/media\/4390"}],"wp:attachment":[{"href":"https:\/\/libreriahistoriasdebolsillo.com\/index.php\/wp-json\/wp\/v2\/media?parent=4389"}],"wp:term":[{"taxonomy":"product_brand","embeddable":true,"href":"https:\/\/libreriahistoriasdebolsillo.com\/index.php\/wp-json\/wp\/v2\/product_brand?post=4389"},{"taxonomy":"product_cat","embeddable":true,"href":"https:\/\/libreriahistoriasdebolsillo.com\/index.php\/wp-json\/wp\/v2\/product_cat?post=4389"},{"taxonomy":"product_tag","embeddable":true,"href":"https:\/\/libreriahistoriasdebolsillo.com\/index.php\/wp-json\/wp\/v2\/product_tag?post=4389"}],"curies":[{"name":"wp","href":"https:\/\/api.w.org\/{rel}","templated":true}]}}