{"id":4395,"date":"2024-04-26T16:22:20","date_gmt":"2024-04-26T22:22:20","guid":{"rendered":"https:\/\/libreriahistoriasdebolsillo.com\/?post_type=product&#038;p=4395"},"modified":"2024-07-01T13:36:43","modified_gmt":"2024-07-01T19:36:43","slug":"supercerebro","status":"publish","type":"product","link":"https:\/\/libreriahistoriasdebolsillo.com\/index.php\/producto\/supercerebro\/","title":{"rendered":"Supercerebro"},"content":{"rendered":"<p>En\u00a0<i>Supercerebro<\/i>,\u00a0<b>Deepak Chopra y Rudolph E. Tanzi<\/b>\u00a0le explican c\u00f3mo su cerebro puede aprender a superar sus limitaciones a trav\u00e9s de los descubrimientos cient\u00edficos de vanguardia y la\u00a0<b>percepci\u00f3n espiritual,<\/b>\u00a0del derrumbamiento de los cinco mitos m\u00e1s comunes sobre el cerebro que limitan su potencial y de la implementaci\u00f3n de m\u00e9todos para desarrollar un\u00a0<b>estilo de vida saludable<\/b>, reducir los riesgos de envejecimiento y sobreponerse a retos como la p\u00e9rdida de la memoria, la depresi\u00f3n, la ansiedad y la obesidad.<\/p>\n<p>Un fascinante viaje que pronostica un salto en la\u00a0<b>evoluci\u00f3n humana.<\/b><\/p>\n","protected":false},"excerpt":{"rendered":"<p>Deepak Chopra<\/p>\n","protected":false},"featured_media":4396,"template":"","meta":{"_joinchat":[]},"product_brand":[],"product_cat":[58,41],"product_tag":[34],"class_list":{"0":"post-4395","1":"product","2":"type-product","3":"status-publish","4":"has-post-thumbnail","6":"product_cat-desarrollo-humano-y-superacion","7":"product_cat-desarrollo-humano","8":"product_tag-penguin-random-house","10":"first","11":"outofstock","12":"shipping-taxable","13":"purchasable","14":"product-type-simple"},"_links":{"self":[{"href":"https:\/\/libreriahistoriasdebolsillo.com\/index.php\/wp-json\/wp\/v2\/product\/4395","targetHints":{"allow":["GET"]}}],"collection":[{"href":"https:\/\/libreriahistoriasdebolsillo.com\/index.php\/wp-json\/wp\/v2\/product"}],"about":[{"href":"https:\/\/libreriahistoriasdebolsillo.com\/index.php\/wp-json\/wp\/v2\/types\/product"}],"wp:featuredmedia":[{"embeddable":true,"href":"https:\/\/libreriahistoriasdebolsillo.com\/index.php\/wp-json\/wp\/v2\/media\/4396"}],"wp:attachment":[{"href":"https:\/\/libreriahistoriasdebolsillo.com\/index.php\/wp-json\/wp\/v2\/media?parent=4395"}],"wp:term":[{"taxonomy":"product_brand","embeddable":true,"href":"https:\/\/libreriahistoriasdebolsillo.com\/index.php\/wp-json\/wp\/v2\/product_brand?post=4395"},{"taxonomy":"product_cat","embeddable":true,"href":"https:\/\/libreriahistoriasdebolsillo.com\/index.php\/wp-json\/wp\/v2\/product_cat?post=4395"},{"taxonomy":"product_tag","embeddable":true,"href":"https:\/\/libreriahistoriasdebolsillo.com\/index.php\/wp-json\/wp\/v2\/product_tag?post=4395"}],"curies":[{"name":"wp","href":"https:\/\/api.w.org\/{rel}","templated":true}]}}