{"id":4397,"date":"2024-04-26T16:24:53","date_gmt":"2024-04-26T22:24:53","guid":{"rendered":"https:\/\/libreriahistoriasdebolsillo.com\/?post_type=product&#038;p=4397"},"modified":"2024-07-01T13:37:02","modified_gmt":"2024-07-01T19:37:02","slug":"cita-con-rama-1","status":"publish","type":"product","link":"https:\/\/libreriahistoriasdebolsillo.com\/index.php\/producto\/cita-con-rama-1\/","title":{"rendered":"Cita con Rama 1"},"content":{"rendered":"<p><b>A\u00f1o 2130.<\/b>\u00a0Despu\u00e9s del impacto de un enorme asteroide que destruye Padua y Verona, se crea en un sofisticado sistema de detectar la trayectoria de cualquier objeto que se detecte desde la Tierra De esta forma los astr\u00f3nomos detectan un misterioso asteroide, al que bautizan como \u00abRama\u00bb, que est\u00e1 a punto de cruzar el sistema solar. Se trata de un cilindro perfecto de unos cincuenta kil\u00f3metros de largo, que gira a una velocidad fuera de lo normal y viaja por el espacio en l\u00ednea recta. Frente a esas evidencias, los investigadores se preguntan si ante ellos est\u00e1 el primer visitante procedente de las estrellas\u2026 \u00bfPodr\u00e1 la humanidad enfrentarse al enigma que alberga esta extra\u00f1a nave, aparentemente extraterrestre y que es ya una maravilla tecnol\u00f3gica que forma parte del imaginario de varias generaciones de lectores?<\/p>\n<p><i>Cita con Rama<\/i>\u00a0es una de las obras m\u00e1s premiadas de uno de los mejores escritores de ciencia ficci\u00f3n de todos los tiempos, galardonada con los premios Hugo, Nebula, Locus, John W. Campbell y BSFA. Sin duda una de las mejores novelas escritas por el autor.<\/p>\n","protected":false},"excerpt":{"rendered":"<p>Arthur C. Clarke<\/p>\n","protected":false},"featured_media":4398,"template":"","meta":{"_joinchat":[]},"product_brand":[],"product_cat":[40],"product_tag":[34],"class_list":{"0":"post-4397","1":"product","2":"type-product","3":"status-publish","4":"has-post-thumbnail","6":"product_cat-ciencia-ficcion","7":"product_tag-penguin-random-house","9":"first","10":"outofstock","11":"shipping-taxable","12":"purchasable","13":"product-type-simple"},"_links":{"self":[{"href":"https:\/\/libreriahistoriasdebolsillo.com\/index.php\/wp-json\/wp\/v2\/product\/4397","targetHints":{"allow":["GET"]}}],"collection":[{"href":"https:\/\/libreriahistoriasdebolsillo.com\/index.php\/wp-json\/wp\/v2\/product"}],"about":[{"href":"https:\/\/libreriahistoriasdebolsillo.com\/index.php\/wp-json\/wp\/v2\/types\/product"}],"wp:featuredmedia":[{"embeddable":true,"href":"https:\/\/libreriahistoriasdebolsillo.com\/index.php\/wp-json\/wp\/v2\/media\/4398"}],"wp:attachment":[{"href":"https:\/\/libreriahistoriasdebolsillo.com\/index.php\/wp-json\/wp\/v2\/media?parent=4397"}],"wp:term":[{"taxonomy":"product_brand","embeddable":true,"href":"https:\/\/libreriahistoriasdebolsillo.com\/index.php\/wp-json\/wp\/v2\/product_brand?post=4397"},{"taxonomy":"product_cat","embeddable":true,"href":"https:\/\/libreriahistoriasdebolsillo.com\/index.php\/wp-json\/wp\/v2\/product_cat?post=4397"},{"taxonomy":"product_tag","embeddable":true,"href":"https:\/\/libreriahistoriasdebolsillo.com\/index.php\/wp-json\/wp\/v2\/product_tag?post=4397"}],"curies":[{"name":"wp","href":"https:\/\/api.w.org\/{rel}","templated":true}]}}