{"id":4401,"date":"2024-04-26T16:32:01","date_gmt":"2024-04-26T22:32:01","guid":{"rendered":"https:\/\/libreriahistoriasdebolsillo.com\/?post_type=product&#038;p=4401"},"modified":"2024-07-01T13:37:42","modified_gmt":"2024-07-01T19:37:42","slug":"biblioteca-paulo-coelho-adulterio","status":"publish","type":"product","link":"https:\/\/libreriahistoriasdebolsillo.com\/index.php\/producto\/biblioteca-paulo-coelho-adulterio\/","title":{"rendered":"Biblioteca Paulo Coelho. Adulterio"},"content":{"rendered":"<p>A sus 31 a\u00f1os, Linda tiene todo aquello que muchos sue\u00f1an y pocos logran conseguir: una vida perfecta en Ginebra, Suiza.<\/p>\n<p>De pronto, sin previo aviso, se reencuentra con Jacob, su\u00a0<b>antiguo amor de la escuela<\/b>, quien irrumpe en su vida para sacarla de su letargo y hacerla sentir de nuevo esa pasi\u00f3n inesperada que cre\u00eda olvidada.<\/p>\n<p><i>Adulterio\u00a0<\/i>nos adentra en el eterno\u00a0<b>debate entre luchar contra la tentaci\u00f3n o dejarnos arrastrar por ella<\/b>. Un libro expl\u00edcito y directo que rompe tab\u00fas y cuestiona la necesidad de vivir aquella vida que no nos atrevemos frente a la apat\u00eda, la resignaci\u00f3n y el temor al cambio.<\/p>\n<p>Hay algunas emociones oscuras que se quedan por vivir.<\/p>\n","protected":false},"excerpt":{"rendered":"<p>Paulo Coelho<\/p>\n","protected":false},"featured_media":4402,"template":"","meta":{"_joinchat":[]},"product_brand":[],"product_cat":[78,51],"product_tag":[34],"class_list":{"0":"post-4401","1":"product","2":"type-product","3":"status-publish","4":"has-post-thumbnail","6":"product_cat-contemporanea","7":"product_cat-oferta","8":"product_tag-penguin-random-house","10":"first","11":"outofstock","12":"shipping-taxable","13":"purchasable","14":"product-type-simple"},"_links":{"self":[{"href":"https:\/\/libreriahistoriasdebolsillo.com\/index.php\/wp-json\/wp\/v2\/product\/4401","targetHints":{"allow":["GET"]}}],"collection":[{"href":"https:\/\/libreriahistoriasdebolsillo.com\/index.php\/wp-json\/wp\/v2\/product"}],"about":[{"href":"https:\/\/libreriahistoriasdebolsillo.com\/index.php\/wp-json\/wp\/v2\/types\/product"}],"wp:featuredmedia":[{"embeddable":true,"href":"https:\/\/libreriahistoriasdebolsillo.com\/index.php\/wp-json\/wp\/v2\/media\/4402"}],"wp:attachment":[{"href":"https:\/\/libreriahistoriasdebolsillo.com\/index.php\/wp-json\/wp\/v2\/media?parent=4401"}],"wp:term":[{"taxonomy":"product_brand","embeddable":true,"href":"https:\/\/libreriahistoriasdebolsillo.com\/index.php\/wp-json\/wp\/v2\/product_brand?post=4401"},{"taxonomy":"product_cat","embeddable":true,"href":"https:\/\/libreriahistoriasdebolsillo.com\/index.php\/wp-json\/wp\/v2\/product_cat?post=4401"},{"taxonomy":"product_tag","embeddable":true,"href":"https:\/\/libreriahistoriasdebolsillo.com\/index.php\/wp-json\/wp\/v2\/product_tag?post=4401"}],"curies":[{"name":"wp","href":"https:\/\/api.w.org\/{rel}","templated":true}]}}