{"id":4403,"date":"2024-04-26T16:34:12","date_gmt":"2024-04-26T22:34:12","guid":{"rendered":"https:\/\/libreriahistoriasdebolsillo.com\/?post_type=product&#038;p=4403"},"modified":"2025-07-16T11:56:34","modified_gmt":"2025-07-16T17:56:34","slug":"biblioteca-paulo-coelho-once-minutos","status":"publish","type":"product","link":"https:\/\/libreriahistoriasdebolsillo.com\/index.php\/producto\/biblioteca-paulo-coelho-once-minutos\/","title":{"rendered":"Biblioteca Paulo Coelho. Once minutos"},"content":{"rendered":"<p><i>Once minutos<\/i>\u00a0es una obra de\u00a0<b>realismo social y cr\u00edtico<\/b>\u00a0a trav\u00e9s del<b>\u00a0erotismo y el sexo.<\/b>\u00a0Reclama la importancia de no negar los instintos que surgen del lado oscuro del deseo. Es la reivindicaci\u00f3n de la\u00a0<b>sexualidad femenina<\/b>\u00a0y la exploraci\u00f3n del miedo a la entrega total m\u00e1s all\u00e1 de tus propias barreras. Porque el mundo gira alrededor de algo que dura solamente once minutos.<\/p>\n<p>Basado en hechos reales,<i>\u00a0Once minutos<\/i>\u00a0narra, en palabras del autor, \u00abla b\u00fasqueda del sentido sagrado del sexo\u00bb.<\/p>\n<p><b>\u00bfQu\u00e9 es m\u00e1s importante en esta vida, vivir o fingir vivir?<\/b><\/p>\n","protected":false},"excerpt":{"rendered":"<p>Paulo Coelho<\/p>\n","protected":false},"featured_media":4404,"template":"","meta":{"_joinchat":[]},"product_brand":[],"product_cat":[78,51],"product_tag":[34],"class_list":{"0":"post-4403","1":"product","2":"type-product","3":"status-publish","4":"has-post-thumbnail","6":"product_cat-contemporanea","7":"product_cat-oferta","8":"product_tag-penguin-random-house","10":"first","11":"instock","12":"shipping-taxable","13":"purchasable","14":"product-type-simple"},"_links":{"self":[{"href":"https:\/\/libreriahistoriasdebolsillo.com\/index.php\/wp-json\/wp\/v2\/product\/4403","targetHints":{"allow":["GET"]}}],"collection":[{"href":"https:\/\/libreriahistoriasdebolsillo.com\/index.php\/wp-json\/wp\/v2\/product"}],"about":[{"href":"https:\/\/libreriahistoriasdebolsillo.com\/index.php\/wp-json\/wp\/v2\/types\/product"}],"wp:featuredmedia":[{"embeddable":true,"href":"https:\/\/libreriahistoriasdebolsillo.com\/index.php\/wp-json\/wp\/v2\/media\/4404"}],"wp:attachment":[{"href":"https:\/\/libreriahistoriasdebolsillo.com\/index.php\/wp-json\/wp\/v2\/media?parent=4403"}],"wp:term":[{"taxonomy":"product_brand","embeddable":true,"href":"https:\/\/libreriahistoriasdebolsillo.com\/index.php\/wp-json\/wp\/v2\/product_brand?post=4403"},{"taxonomy":"product_cat","embeddable":true,"href":"https:\/\/libreriahistoriasdebolsillo.com\/index.php\/wp-json\/wp\/v2\/product_cat?post=4403"},{"taxonomy":"product_tag","embeddable":true,"href":"https:\/\/libreriahistoriasdebolsillo.com\/index.php\/wp-json\/wp\/v2\/product_tag?post=4403"}],"curies":[{"name":"wp","href":"https:\/\/api.w.org\/{rel}","templated":true}]}}