{"id":4405,"date":"2024-04-26T16:37:02","date_gmt":"2024-04-26T22:37:02","guid":{"rendered":"https:\/\/libreriahistoriasdebolsillo.com\/?post_type=product&#038;p=4405"},"modified":"2024-07-01T13:37:32","modified_gmt":"2024-07-01T19:37:32","slug":"biblioteca-paulo-coelho-la-quinta-montana","status":"publish","type":"product","link":"https:\/\/libreriahistoriasdebolsillo.com\/index.php\/producto\/biblioteca-paulo-coelho-la-quinta-montana\/","title":{"rendered":"Biblioteca Paulo Coelho. La quinta monta\u00f1a"},"content":{"rendered":"<p><b>Descubre en\u00a0<i>La quinta monta\u00f1a<\/i>\u00a0la obra de un novelista irreverente y actual, cuya lectura siempre mueve a la acci\u00f3n.<\/b><\/p>\n<p><b>Ad\u00e9ntrate en la obra de un autor provocador y valiente que rompe con los esquemas preconcebidos de nuestra sociedad. Un fen\u00f3meno literario con millones de seguidores en las redes sociales.<\/b><\/p>\n<p>En un mundo regido por supersticiones, conflictos religiosos y tradiciones profundamente arraigadas, el joven profeta El\u00edas deber\u00e1 enfrentarse a los habitantes de Fenicia, quienes lo creen responsable de sus desgracias y lo condenan a muerte. \u00c9l sabe que la batalla m\u00e1s importante consiste en elegir entre el camino impuesto o luchar contra el destino. Una avalancha de acontecimientos que le conducir\u00e1 a un definitivo cara a cara con Dios.<\/p>\n<p><i>La quinta monta\u00f1a<\/i>\u00a0nos ense\u00f1a que s\u00f3lo enfrent\u00e1ndonos a lo que parece inevitable y dejando atr\u00e1s el lastre del pasado podremos evolucionar.<\/p>\n<p><i>Nadie puede perder de vista lo que quiere. Aunque en algunos momentos piense que el mundo y los dem\u00e1s son m\u00e1s fuertes. El secreto es este: no desistir.<\/i><\/p>\n<p>-Paulo Coelho-<\/p>\n","protected":false},"excerpt":{"rendered":"<p>Paulo Coelho<\/p>\n","protected":false},"featured_media":4406,"template":"","meta":{"_joinchat":[]},"product_brand":[],"product_cat":[78,51],"product_tag":[34],"class_list":{"0":"post-4405","1":"product","2":"type-product","3":"status-publish","4":"has-post-thumbnail","6":"product_cat-contemporanea","7":"product_cat-oferta","8":"product_tag-penguin-random-house","10":"first","11":"outofstock","12":"shipping-taxable","13":"purchasable","14":"product-type-simple"},"_links":{"self":[{"href":"https:\/\/libreriahistoriasdebolsillo.com\/index.php\/wp-json\/wp\/v2\/product\/4405","targetHints":{"allow":["GET"]}}],"collection":[{"href":"https:\/\/libreriahistoriasdebolsillo.com\/index.php\/wp-json\/wp\/v2\/product"}],"about":[{"href":"https:\/\/libreriahistoriasdebolsillo.com\/index.php\/wp-json\/wp\/v2\/types\/product"}],"wp:featuredmedia":[{"embeddable":true,"href":"https:\/\/libreriahistoriasdebolsillo.com\/index.php\/wp-json\/wp\/v2\/media\/4406"}],"wp:attachment":[{"href":"https:\/\/libreriahistoriasdebolsillo.com\/index.php\/wp-json\/wp\/v2\/media?parent=4405"}],"wp:term":[{"taxonomy":"product_brand","embeddable":true,"href":"https:\/\/libreriahistoriasdebolsillo.com\/index.php\/wp-json\/wp\/v2\/product_brand?post=4405"},{"taxonomy":"product_cat","embeddable":true,"href":"https:\/\/libreriahistoriasdebolsillo.com\/index.php\/wp-json\/wp\/v2\/product_cat?post=4405"},{"taxonomy":"product_tag","embeddable":true,"href":"https:\/\/libreriahistoriasdebolsillo.com\/index.php\/wp-json\/wp\/v2\/product_tag?post=4405"}],"curies":[{"name":"wp","href":"https:\/\/api.w.org\/{rel}","templated":true}]}}