{"id":4407,"date":"2024-04-26T16:40:07","date_gmt":"2024-04-26T22:40:07","guid":{"rendered":"https:\/\/libreriahistoriasdebolsillo.com\/?post_type=product&#038;p=4407"},"modified":"2024-07-01T13:37:28","modified_gmt":"2024-07-01T19:37:28","slug":"biblioteca-paulo-coelho-hippie","status":"publish","type":"product","link":"https:\/\/libreriahistoriasdebolsillo.com\/index.php\/producto\/biblioteca-paulo-coelho-hippie\/","title":{"rendered":"Biblioteca Paulo Coelho. Hippie"},"content":{"rendered":"<p align=\"JUSTIFY\">Paulo es un joven que sue\u00f1a con ser escritor, se deja el cabello largo y sale al mundo en busca de la libertad y para darle un significado profundo a su vida. Una jornada que va desde el famoso \u00abTren de la muerte a Bolivia\u00bb, despu\u00e9s Per\u00fa, Chile y Argentina, hasta el encuentro con Karla en \u00c1msterdam, quien lo convence de viajar juntos en el Magic Bus, un autob\u00fas que viaja por Europa y Asia Central hasta Katmand\u00fa.<\/p>\n<p align=\"JUSTIFY\">En el camino, Karla y Paulo no s\u00f3lo vivir\u00e1n una extraordinaria historia de amor, sino tambi\u00e9n conocer\u00e1n a maravillosos compa\u00f1eros de viaje. Cada uno de ellos tiene una historia que contar, todos experimentar\u00e1n una transformaci\u00f3n y abrazar\u00e1n nuevas prioridades y valores para la vida.<\/p>\n<p align=\"JUSTIFY\">Si quieres conocerte, comienza por explorar el mundo.<\/p>\n","protected":false},"excerpt":{"rendered":"<p>Paulo Coelho<\/p>\n","protected":false},"featured_media":4408,"template":"","meta":{"_joinchat":[]},"product_brand":[],"product_cat":[78,51],"product_tag":[34],"class_list":{"0":"post-4407","1":"product","2":"type-product","3":"status-publish","4":"has-post-thumbnail","6":"product_cat-contemporanea","7":"product_cat-oferta","8":"product_tag-penguin-random-house","10":"first","11":"outofstock","12":"shipping-taxable","13":"purchasable","14":"product-type-simple"},"_links":{"self":[{"href":"https:\/\/libreriahistoriasdebolsillo.com\/index.php\/wp-json\/wp\/v2\/product\/4407","targetHints":{"allow":["GET"]}}],"collection":[{"href":"https:\/\/libreriahistoriasdebolsillo.com\/index.php\/wp-json\/wp\/v2\/product"}],"about":[{"href":"https:\/\/libreriahistoriasdebolsillo.com\/index.php\/wp-json\/wp\/v2\/types\/product"}],"wp:featuredmedia":[{"embeddable":true,"href":"https:\/\/libreriahistoriasdebolsillo.com\/index.php\/wp-json\/wp\/v2\/media\/4408"}],"wp:attachment":[{"href":"https:\/\/libreriahistoriasdebolsillo.com\/index.php\/wp-json\/wp\/v2\/media?parent=4407"}],"wp:term":[{"taxonomy":"product_brand","embeddable":true,"href":"https:\/\/libreriahistoriasdebolsillo.com\/index.php\/wp-json\/wp\/v2\/product_brand?post=4407"},{"taxonomy":"product_cat","embeddable":true,"href":"https:\/\/libreriahistoriasdebolsillo.com\/index.php\/wp-json\/wp\/v2\/product_cat?post=4407"},{"taxonomy":"product_tag","embeddable":true,"href":"https:\/\/libreriahistoriasdebolsillo.com\/index.php\/wp-json\/wp\/v2\/product_tag?post=4407"}],"curies":[{"name":"wp","href":"https:\/\/api.w.org\/{rel}","templated":true}]}}