{"id":4409,"date":"2024-04-26T16:42:31","date_gmt":"2024-04-26T22:42:31","guid":{"rendered":"https:\/\/libreriahistoriasdebolsillo.com\/?post_type=product&#038;p=4409"},"modified":"2024-07-01T13:37:22","modified_gmt":"2024-07-01T19:37:22","slug":"biblioteca-paulo-coelho-el-demonio-y-la-senorita-prym","status":"publish","type":"product","link":"https:\/\/libreriahistoriasdebolsillo.com\/index.php\/producto\/biblioteca-paulo-coelho-el-demonio-y-la-senorita-prym\/","title":{"rendered":"Biblioteca Paulo Coelho. El demonio y la se\u00f1orita Prym"},"content":{"rendered":"<p><i>El Demonio y la se\u00f1orita Prym\u00a0<\/i>es una novela cargada de tensi\u00f3n que plantea una pregunta fundamental sobre la esencia del ser humano. Ad\u00e9ntrate en la obra de un autor provocador y valiente que rompe con los esquemas preconcebidos de nuestra sociedad. Un fen\u00f3meno literario con millones de seguidores en las redes sociales.<\/p>\n<p>En una comunidad dividida por la codicia, la cobard\u00eda y el miedo. Un hombre perseguido por el fantasma de un pasado doloroso. Una joven en busca de la felicidad. Siete d\u00edas, un breve periodo de tiempo durante el cual el Bien y el Mal librar\u00e1n una batalla decisiva y cada personaje decidir\u00e1 a cu\u00e1l de los dos bandos pertenece. Con la llegada de un extranjero la ciudad de Viscos se convertir\u00e1 en c\u00f3mplice de una trama perversa que marcar\u00e1 para siempre a sus escasos habitantes. Hay un momento en la vida en el que se despiertan los demonios que llevamos dentro; en ese momento, es in\u00fatil fingir que no sucede nada. El desaf\u00edo no espera.<\/p>\n","protected":false},"excerpt":{"rendered":"<p>Paulo Coelho<\/p>\n","protected":false},"featured_media":4410,"template":"","meta":{"_joinchat":[]},"product_brand":[],"product_cat":[78,51],"product_tag":[34],"class_list":{"0":"post-4409","1":"product","2":"type-product","3":"status-publish","4":"has-post-thumbnail","6":"product_cat-contemporanea","7":"product_cat-oferta","8":"product_tag-penguin-random-house","10":"first","11":"outofstock","12":"shipping-taxable","13":"purchasable","14":"product-type-simple"},"_links":{"self":[{"href":"https:\/\/libreriahistoriasdebolsillo.com\/index.php\/wp-json\/wp\/v2\/product\/4409","targetHints":{"allow":["GET"]}}],"collection":[{"href":"https:\/\/libreriahistoriasdebolsillo.com\/index.php\/wp-json\/wp\/v2\/product"}],"about":[{"href":"https:\/\/libreriahistoriasdebolsillo.com\/index.php\/wp-json\/wp\/v2\/types\/product"}],"wp:featuredmedia":[{"embeddable":true,"href":"https:\/\/libreriahistoriasdebolsillo.com\/index.php\/wp-json\/wp\/v2\/media\/4410"}],"wp:attachment":[{"href":"https:\/\/libreriahistoriasdebolsillo.com\/index.php\/wp-json\/wp\/v2\/media?parent=4409"}],"wp:term":[{"taxonomy":"product_brand","embeddable":true,"href":"https:\/\/libreriahistoriasdebolsillo.com\/index.php\/wp-json\/wp\/v2\/product_brand?post=4409"},{"taxonomy":"product_cat","embeddable":true,"href":"https:\/\/libreriahistoriasdebolsillo.com\/index.php\/wp-json\/wp\/v2\/product_cat?post=4409"},{"taxonomy":"product_tag","embeddable":true,"href":"https:\/\/libreriahistoriasdebolsillo.com\/index.php\/wp-json\/wp\/v2\/product_tag?post=4409"}],"curies":[{"name":"wp","href":"https:\/\/api.w.org\/{rel}","templated":true}]}}