{"id":4411,"date":"2024-04-26T16:44:45","date_gmt":"2024-04-26T22:44:45","guid":{"rendered":"https:\/\/libreriahistoriasdebolsillo.com\/?post_type=product&#038;p=4411"},"modified":"2024-07-01T13:37:16","modified_gmt":"2024-07-01T19:37:16","slug":"biblioteca-paulo-coelho-el-manuscrito-encontrado-en-accra","status":"publish","type":"product","link":"https:\/\/libreriahistoriasdebolsillo.com\/index.php\/producto\/biblioteca-paulo-coelho-el-manuscrito-encontrado-en-accra\/","title":{"rendered":"Biblioteca Paulo Coelho. El manuscrito encontrado en Accra"},"content":{"rendered":"<p><b>Del exitoso autor de\u00a0<i>El Alquimista<\/i>,\u00a0<i>Aleph<\/i>\u00a0y\u00a0<i>Once minutos<\/i>, traducido a 80 idiomas y con m\u00e1s de 165 millones de copias vendidas en m\u00e1s de 170 pa\u00edses.<\/b><\/p>\n<p><b>Manuscrito encontrado en el Accra devela que la sabidur\u00eda de la vida consiste en dominar las cosas que nos esclavizan.<\/b><\/p>\n<p>14 de julio de 1099. Mientras Jerusal\u00e9n se prepara para la invasi\u00f3n de los cruzados, un griego conocido como el Copta convoca a una reuni\u00f3n con los j\u00f3venes y los viejos, los hombres y las mujeres de la ciudad. Entonces les habla sobre la lealtad, el miedo, la valent\u00eda, la soledad, el amor, el sexo, la belleza y la elegancia, y mientras lo hace, sus palabras ofrecen verdad y gu\u00eda, y develan los valores humanos que han perdurado son tan v\u00e1lidos como eran entonces. Mientras esperaba el ataque enemigo, la gente se reuni\u00f3 en la plaza y pregunt\u00f3. Y el Copta contest\u00f3.<\/p>\n","protected":false},"excerpt":{"rendered":"<p>Paulo Coelho<\/p>\n","protected":false},"featured_media":4412,"template":"","meta":{"_joinchat":[]},"product_brand":[],"product_cat":[78,51],"product_tag":[34],"class_list":{"0":"post-4411","1":"product","2":"type-product","3":"status-publish","4":"has-post-thumbnail","6":"product_cat-contemporanea","7":"product_cat-oferta","8":"product_tag-penguin-random-house","10":"first","11":"outofstock","12":"shipping-taxable","13":"purchasable","14":"product-type-simple"},"_links":{"self":[{"href":"https:\/\/libreriahistoriasdebolsillo.com\/index.php\/wp-json\/wp\/v2\/product\/4411","targetHints":{"allow":["GET"]}}],"collection":[{"href":"https:\/\/libreriahistoriasdebolsillo.com\/index.php\/wp-json\/wp\/v2\/product"}],"about":[{"href":"https:\/\/libreriahistoriasdebolsillo.com\/index.php\/wp-json\/wp\/v2\/types\/product"}],"wp:featuredmedia":[{"embeddable":true,"href":"https:\/\/libreriahistoriasdebolsillo.com\/index.php\/wp-json\/wp\/v2\/media\/4412"}],"wp:attachment":[{"href":"https:\/\/libreriahistoriasdebolsillo.com\/index.php\/wp-json\/wp\/v2\/media?parent=4411"}],"wp:term":[{"taxonomy":"product_brand","embeddable":true,"href":"https:\/\/libreriahistoriasdebolsillo.com\/index.php\/wp-json\/wp\/v2\/product_brand?post=4411"},{"taxonomy":"product_cat","embeddable":true,"href":"https:\/\/libreriahistoriasdebolsillo.com\/index.php\/wp-json\/wp\/v2\/product_cat?post=4411"},{"taxonomy":"product_tag","embeddable":true,"href":"https:\/\/libreriahistoriasdebolsillo.com\/index.php\/wp-json\/wp\/v2\/product_tag?post=4411"}],"curies":[{"name":"wp","href":"https:\/\/api.w.org\/{rel}","templated":true}]}}