{"id":4413,"date":"2024-04-26T16:47:31","date_gmt":"2024-04-26T22:47:31","guid":{"rendered":"https:\/\/libreriahistoriasdebolsillo.com\/?post_type=product&#038;p=4413"},"modified":"2024-07-01T13:38:34","modified_gmt":"2024-07-01T19:38:34","slug":"los-7-habitos-de-los-adolescentes-altamente-efectivos","status":"publish","type":"product","link":"https:\/\/libreriahistoriasdebolsillo.com\/index.php\/producto\/los-7-habitos-de-los-adolescentes-altamente-efectivos\/","title":{"rendered":"Los 7 h\u00e1bitos de los adolescentes altamente efectivos"},"content":{"rendered":"<p>Imagina que tienes un mapa: una\u00a0<b>gu\u00eda paso a paso<\/b>\u00a0para ayudarte a llegar desde donde est\u00e1s ahora hasta donde quieres llegar en el\u00a0<b>futuro<\/b>. Tus\u00a0<b>objetivos<\/b>, tus\u00a0<b>sue\u00f1os<\/b>, tus\u00a0<b>planes<\/b>\u2026 todo est\u00e1 a tu alcance. S\u00f3lo necesitas las\u00a0<b>herramientas<\/b>\u00a0que te ayuden a llegar ah\u00ed. Eso es justamente lo que este libro ha sido para millones de adolescentes: un\u00a0<b>manual para la autoestima<\/b>y el\u00a0<b>\u00e9xito<\/b>. Este libro cl\u00e1sico aplica los principios atemporales de los 7 h\u00e1bitos a las situaciones m\u00e1s dif\u00edciles y decisivas en la vida de los adolescentes.<\/p>\n<p>Con un estilo entretenido, Covey nos ofrece una\u00a0<b>orientaci\u00f3n<\/b>\u00a0<b>pr\u00e1ctica<\/b>\u00a0para que los adolescentes mejoren su\u00a0<b>imagen personal<\/b>, construyan\u00a0<b>amistades<\/b>, se resistan a la presi\u00f3n social, alcancen sus sue\u00f1os y tengan una buena relaci\u00f3n con suspadres. En esta renovada edici\u00f3n tambi\u00e9n hallar\u00e1n la respuesta a c\u00f3mo enfrentar los retos que impone esta nueva era, como el\u00a0<i><b>bullying<\/b><\/i><b>\u00a0virtual<\/b>\u00a0y las\u00a0<b>redes sociales<\/b>. Adicionalmente, este libro est\u00e1 colmado de ilustraciones, caricaturas, ideas inteligentes, citas geniales e incre\u00edbles historias sobre adolescentes reales alrededor del mundo.<\/p>\n<p>Con m\u00e1sde cinco millones de ejemplares vendidos alrededor del mundo,\u00a0<i><b>Los 7 h\u00e1bitos de los adolescentes altamente efectivos<\/b><\/i>\u00a0es la gu\u00eda definitiva para el \u00e9xito en la adolescencia.<\/p>\n","protected":false},"excerpt":{"rendered":"<p>Sean Covey<\/p>\n","protected":false},"featured_media":4414,"template":"","meta":{"_joinchat":[]},"product_brand":[],"product_cat":[58,52,41],"product_tag":[34],"class_list":{"0":"post-4413","1":"product","2":"type-product","3":"status-publish","4":"has-post-thumbnail","6":"product_cat-desarrollo-humano-y-superacion","7":"product_cat-juvenil","8":"product_cat-desarrollo-humano","9":"product_tag-penguin-random-house","11":"first","12":"outofstock","13":"shipping-taxable","14":"purchasable","15":"product-type-simple"},"_links":{"self":[{"href":"https:\/\/libreriahistoriasdebolsillo.com\/index.php\/wp-json\/wp\/v2\/product\/4413","targetHints":{"allow":["GET"]}}],"collection":[{"href":"https:\/\/libreriahistoriasdebolsillo.com\/index.php\/wp-json\/wp\/v2\/product"}],"about":[{"href":"https:\/\/libreriahistoriasdebolsillo.com\/index.php\/wp-json\/wp\/v2\/types\/product"}],"wp:featuredmedia":[{"embeddable":true,"href":"https:\/\/libreriahistoriasdebolsillo.com\/index.php\/wp-json\/wp\/v2\/media\/4414"}],"wp:attachment":[{"href":"https:\/\/libreriahistoriasdebolsillo.com\/index.php\/wp-json\/wp\/v2\/media?parent=4413"}],"wp:term":[{"taxonomy":"product_brand","embeddable":true,"href":"https:\/\/libreriahistoriasdebolsillo.com\/index.php\/wp-json\/wp\/v2\/product_brand?post=4413"},{"taxonomy":"product_cat","embeddable":true,"href":"https:\/\/libreriahistoriasdebolsillo.com\/index.php\/wp-json\/wp\/v2\/product_cat?post=4413"},{"taxonomy":"product_tag","embeddable":true,"href":"https:\/\/libreriahistoriasdebolsillo.com\/index.php\/wp-json\/wp\/v2\/product_tag?post=4413"}],"curies":[{"name":"wp","href":"https:\/\/api.w.org\/{rel}","templated":true}]}}