{"id":4415,"date":"2024-04-26T16:49:53","date_gmt":"2024-04-26T22:49:53","guid":{"rendered":"https:\/\/libreriahistoriasdebolsillo.com\/?post_type=product&#038;p=4415"},"modified":"2024-07-01T13:38:30","modified_gmt":"2024-07-01T19:38:30","slug":"los-7-habitos-de-las-familias-altamente-efectivas","status":"publish","type":"product","link":"https:\/\/libreriahistoriasdebolsillo.com\/index.php\/producto\/los-7-habitos-de-las-familias-altamente-efectivas\/","title":{"rendered":"Los 7 h\u00e1bitos de las familias altamente efectivas"},"content":{"rendered":"<p>Con la misma\u00a0<b>visi\u00f3n, sencillez y sabidur\u00eda pr\u00e1ctica\u00a0<\/b>que ha llegado a millones de lectores, Stephen R. Covey demuestra c\u00f3mo los principios de\u00a0<i>Los 7 h\u00e1bitos de las personas altamente efectivas\u00a0<\/i>pueden usarse para crear una\u00a0<b>familia fuerte y amorosa\u00a0<\/b>que dure varias generaciones. Covey explica que las familias s\u00f3lidas no surgen espont\u00e1neamente, sino que todos sus miembros necesitan combinar\u00a0<b>energ\u00eda, talento, voluntad, visi\u00f3n y empe\u00f1o.<\/b><\/p>\n<p>Al compartir\u00a0<b>experiencias\u00a0<\/b>profundas, conmovedoras y divertidas de su propia vida y tambi\u00e9n de otras familias, Covey nos brinda consejos pr\u00e1cticos para solucionar dilemas comunes en las familias: encontrar tiempo para estar juntos en la vida privada, lidiar con los conflictos familiares, salvar una relaci\u00f3n deteriorada y transformar una atm\u00f3sfera familiar negativa. Nos muestra c\u00f3mo las familias pueden aprender a\u00a0<b>incorporar principios\u00a0<\/b>en su vida diaria mediante actividades, reuniones y juegos que involucren a todos sus miembros y contribuyan a desarrollarun esp\u00edritu de comprensi\u00f3n, apoyo y entusiasmo. Un volumen destinado a convertirse en el\u00a0<b>libro de cabecera de la familia.<\/b><\/p>\n","protected":false},"excerpt":{"rendered":"<p>Stephen R. Covey<\/p>\n","protected":false},"featured_media":4416,"template":"","meta":{"_joinchat":[]},"product_brand":[],"product_cat":[58,41],"product_tag":[34],"class_list":{"0":"post-4415","1":"product","2":"type-product","3":"status-publish","4":"has-post-thumbnail","6":"product_cat-desarrollo-humano-y-superacion","7":"product_cat-desarrollo-humano","8":"product_tag-penguin-random-house","10":"first","11":"outofstock","12":"shipping-taxable","13":"purchasable","14":"product-type-simple"},"_links":{"self":[{"href":"https:\/\/libreriahistoriasdebolsillo.com\/index.php\/wp-json\/wp\/v2\/product\/4415","targetHints":{"allow":["GET"]}}],"collection":[{"href":"https:\/\/libreriahistoriasdebolsillo.com\/index.php\/wp-json\/wp\/v2\/product"}],"about":[{"href":"https:\/\/libreriahistoriasdebolsillo.com\/index.php\/wp-json\/wp\/v2\/types\/product"}],"wp:featuredmedia":[{"embeddable":true,"href":"https:\/\/libreriahistoriasdebolsillo.com\/index.php\/wp-json\/wp\/v2\/media\/4416"}],"wp:attachment":[{"href":"https:\/\/libreriahistoriasdebolsillo.com\/index.php\/wp-json\/wp\/v2\/media?parent=4415"}],"wp:term":[{"taxonomy":"product_brand","embeddable":true,"href":"https:\/\/libreriahistoriasdebolsillo.com\/index.php\/wp-json\/wp\/v2\/product_brand?post=4415"},{"taxonomy":"product_cat","embeddable":true,"href":"https:\/\/libreriahistoriasdebolsillo.com\/index.php\/wp-json\/wp\/v2\/product_cat?post=4415"},{"taxonomy":"product_tag","embeddable":true,"href":"https:\/\/libreriahistoriasdebolsillo.com\/index.php\/wp-json\/wp\/v2\/product_tag?post=4415"}],"curies":[{"name":"wp","href":"https:\/\/api.w.org\/{rel}","templated":true}]}}