{"id":4421,"date":"2024-04-26T16:57:07","date_gmt":"2024-04-26T22:57:07","guid":{"rendered":"https:\/\/libreriahistoriasdebolsillo.com\/?post_type=product&#038;p=4421"},"modified":"2024-07-01T13:39:03","modified_gmt":"2024-07-01T19:39:03","slug":"la-mujer-rota","status":"publish","type":"product","link":"https:\/\/libreriahistoriasdebolsillo.com\/index.php\/producto\/la-mujer-rota\/","title":{"rendered":"La mujer rota"},"content":{"rendered":"<p>\u00ab<i>La mujer rota<\/i>\u00a0es la v\u00edctima estupefacta de la vida que ella misma eligi\u00f3: una dependencia conyugal que la deja despojada de todo y de su ser mismo cuando el amor le es rehusado. Ser\u00eda en vano buscar moralejas en estos relatos; proponer lecciones, no; mi intenci\u00f3n ha sido totalmente diferente. No se vive m\u00e1s que una sola vida, pero, por la simpat\u00eda, a veces es posible salirse de la propia piel. Me siento solidaria de las mujeres que han asumido su vida y que luchan por lograr sus objetivos; pero eso no me impide, al contrario, interesarme por aquellas que, de un modo u otro, han fracasado y, en general, por esa parte de fracaso que hay en toda existencia.\u00bb<\/p>\n<p><b>Simone de Beauvoir<\/b><\/p>\n","protected":false},"excerpt":{"rendered":"<p>Simone de Beauvoir<\/p>\n","protected":false},"featured_media":4422,"template":"","meta":{"_joinchat":[]},"product_brand":[],"product_cat":[41],"product_tag":[34],"class_list":{"0":"post-4421","1":"product","2":"type-product","3":"status-publish","4":"has-post-thumbnail","6":"product_cat-desarrollo-humano","7":"product_tag-penguin-random-house","9":"first","10":"outofstock","11":"shipping-taxable","12":"purchasable","13":"product-type-simple"},"_links":{"self":[{"href":"https:\/\/libreriahistoriasdebolsillo.com\/index.php\/wp-json\/wp\/v2\/product\/4421","targetHints":{"allow":["GET"]}}],"collection":[{"href":"https:\/\/libreriahistoriasdebolsillo.com\/index.php\/wp-json\/wp\/v2\/product"}],"about":[{"href":"https:\/\/libreriahistoriasdebolsillo.com\/index.php\/wp-json\/wp\/v2\/types\/product"}],"wp:featuredmedia":[{"embeddable":true,"href":"https:\/\/libreriahistoriasdebolsillo.com\/index.php\/wp-json\/wp\/v2\/media\/4422"}],"wp:attachment":[{"href":"https:\/\/libreriahistoriasdebolsillo.com\/index.php\/wp-json\/wp\/v2\/media?parent=4421"}],"wp:term":[{"taxonomy":"product_brand","embeddable":true,"href":"https:\/\/libreriahistoriasdebolsillo.com\/index.php\/wp-json\/wp\/v2\/product_brand?post=4421"},{"taxonomy":"product_cat","embeddable":true,"href":"https:\/\/libreriahistoriasdebolsillo.com\/index.php\/wp-json\/wp\/v2\/product_cat?post=4421"},{"taxonomy":"product_tag","embeddable":true,"href":"https:\/\/libreriahistoriasdebolsillo.com\/index.php\/wp-json\/wp\/v2\/product_tag?post=4421"}],"curies":[{"name":"wp","href":"https:\/\/api.w.org\/{rel}","templated":true}]}}