{"id":4423,"date":"2024-04-26T17:00:26","date_gmt":"2024-04-26T23:00:26","guid":{"rendered":"https:\/\/libreriahistoriasdebolsillo.com\/?post_type=product&#038;p=4423"},"modified":"2024-07-01T13:39:30","modified_gmt":"2024-07-01T19:39:30","slug":"el-poder-de-la-intencion","status":"publish","type":"product","link":"https:\/\/libreriahistoriasdebolsillo.com\/index.php\/producto\/el-poder-de-la-intencion\/","title":{"rendered":"El poder de la intenci\u00f3n"},"content":{"rendered":"<p><b>El poder de la intenci\u00f3n re\u00fane los resultado de la investigaci\u00f3n del doctor Wayne Dyer, autor del bestseller Tus zonas err\u00f3neas y especialista en c\u00f3mo la intenci\u00f3n es una fuerza en el universo que nos permite llevar a cabo el acto de crear.<\/b><\/p>\n<p>A trav\u00e9s de la\u00a0<b>intenci\u00f3n<\/b>, podemos lograr que nuestra existencia llegue a ser todo lo plena y feliz que deseamos. Es decir, la intenci\u00f3n no es algo interno a nosotros, sino una energ\u00eda de la que, sin saberlo, participamos. Todos formamos parte del poder invisible de la intenci\u00f3n; conoci\u00e9ndolo y us\u00e1ndolo de forma adecuada nos convertiremos en due\u00f1os de las transformaciones que queramos imprimir a nuestras vidas.<\/p>\n<p>Utilizando de historias reales y aleccionadores ejemplos,\u00a0<b>Wayne Dyer<\/b>\u00a0nos transmite los principios de la intenci\u00f3n y c\u00f3mo conectar esta fuerza universal con la fuente de creatividad que ya poseemos.<\/p>\n","protected":false},"excerpt":{"rendered":"<p>Wayne W. Dyer<\/p>\n","protected":false},"featured_media":4425,"template":"","meta":{"_joinchat":[]},"product_brand":[],"product_cat":[58,41],"product_tag":[34],"class_list":{"0":"post-4423","1":"product","2":"type-product","3":"status-publish","4":"has-post-thumbnail","6":"product_cat-desarrollo-humano-y-superacion","7":"product_cat-desarrollo-humano","8":"product_tag-penguin-random-house","10":"first","11":"outofstock","12":"shipping-taxable","13":"purchasable","14":"product-type-simple"},"_links":{"self":[{"href":"https:\/\/libreriahistoriasdebolsillo.com\/index.php\/wp-json\/wp\/v2\/product\/4423","targetHints":{"allow":["GET"]}}],"collection":[{"href":"https:\/\/libreriahistoriasdebolsillo.com\/index.php\/wp-json\/wp\/v2\/product"}],"about":[{"href":"https:\/\/libreriahistoriasdebolsillo.com\/index.php\/wp-json\/wp\/v2\/types\/product"}],"wp:featuredmedia":[{"embeddable":true,"href":"https:\/\/libreriahistoriasdebolsillo.com\/index.php\/wp-json\/wp\/v2\/media\/4425"}],"wp:attachment":[{"href":"https:\/\/libreriahistoriasdebolsillo.com\/index.php\/wp-json\/wp\/v2\/media?parent=4423"}],"wp:term":[{"taxonomy":"product_brand","embeddable":true,"href":"https:\/\/libreriahistoriasdebolsillo.com\/index.php\/wp-json\/wp\/v2\/product_brand?post=4423"},{"taxonomy":"product_cat","embeddable":true,"href":"https:\/\/libreriahistoriasdebolsillo.com\/index.php\/wp-json\/wp\/v2\/product_cat?post=4423"},{"taxonomy":"product_tag","embeddable":true,"href":"https:\/\/libreriahistoriasdebolsillo.com\/index.php\/wp-json\/wp\/v2\/product_tag?post=4423"}],"curies":[{"name":"wp","href":"https:\/\/api.w.org\/{rel}","templated":true}]}}