{"id":4426,"date":"2024-04-26T17:02:54","date_gmt":"2024-04-26T23:02:54","guid":{"rendered":"https:\/\/libreriahistoriasdebolsillo.com\/?post_type=product&#038;p=4426"},"modified":"2024-07-01T13:39:25","modified_gmt":"2024-07-01T19:39:25","slug":"tus-zonas-magicas","status":"publish","type":"product","link":"https:\/\/libreriahistoriasdebolsillo.com\/index.php\/producto\/tus-zonas-magicas\/","title":{"rendered":"Tus zonas m\u00e1gicas"},"content":{"rendered":"<p>\u00bfS\u00f3lo existe la realidad tangible, la que reconocemos por nuestros sentidos? \u00bfNo existir\u00e1 tambi\u00e9n una realidad \u00absubyacente\u00bb, sin desarrollar en la mayor\u00eda de los seres, pero que dar\u00eda a \u00e9stos un ilimitado poder para realizar sus vidas con plenitud?<\/p>\n<p>Wayne W. Dyer afirma que s\u00ed.<\/p>\n<p>Afirma la existencia de una realidad m\u00e1gica en cada uno, una poderosa parcela espiritual que est\u00e1 esperando ser descubierta para ser utilizada conun \u00fanico fin posible: lograr lo mejor para uno mismo y para los otros. Con\u00a0<i>Tus zonas m\u00e1gicas<\/i>\u00a0el lector acceder\u00e1 al milagro cotidiano de aproximarse a la perfecci\u00f3n.<\/p>\n","protected":false},"excerpt":{"rendered":"<p>Wayne W. Dyer<\/p>\n","protected":false},"featured_media":4427,"template":"","meta":{"_joinchat":[]},"product_brand":[],"product_cat":[58,41],"product_tag":[],"class_list":{"0":"post-4426","1":"product","2":"type-product","3":"status-publish","4":"has-post-thumbnail","6":"product_cat-desarrollo-humano-y-superacion","7":"product_cat-desarrollo-humano","9":"first","10":"outofstock","11":"shipping-taxable","12":"purchasable","13":"product-type-simple"},"_links":{"self":[{"href":"https:\/\/libreriahistoriasdebolsillo.com\/index.php\/wp-json\/wp\/v2\/product\/4426","targetHints":{"allow":["GET"]}}],"collection":[{"href":"https:\/\/libreriahistoriasdebolsillo.com\/index.php\/wp-json\/wp\/v2\/product"}],"about":[{"href":"https:\/\/libreriahistoriasdebolsillo.com\/index.php\/wp-json\/wp\/v2\/types\/product"}],"wp:featuredmedia":[{"embeddable":true,"href":"https:\/\/libreriahistoriasdebolsillo.com\/index.php\/wp-json\/wp\/v2\/media\/4427"}],"wp:attachment":[{"href":"https:\/\/libreriahistoriasdebolsillo.com\/index.php\/wp-json\/wp\/v2\/media?parent=4426"}],"wp:term":[{"taxonomy":"product_brand","embeddable":true,"href":"https:\/\/libreriahistoriasdebolsillo.com\/index.php\/wp-json\/wp\/v2\/product_brand?post=4426"},{"taxonomy":"product_cat","embeddable":true,"href":"https:\/\/libreriahistoriasdebolsillo.com\/index.php\/wp-json\/wp\/v2\/product_cat?post=4426"},{"taxonomy":"product_tag","embeddable":true,"href":"https:\/\/libreriahistoriasdebolsillo.com\/index.php\/wp-json\/wp\/v2\/product_tag?post=4426"}],"curies":[{"name":"wp","href":"https:\/\/api.w.org\/{rel}","templated":true}]}}