{"id":4428,"date":"2024-04-26T17:12:08","date_gmt":"2024-04-26T23:12:08","guid":{"rendered":"https:\/\/libreriahistoriasdebolsillo.com\/?post_type=product&#038;p=4428"},"modified":"2024-07-01T13:39:46","modified_gmt":"2024-07-01T19:39:46","slug":"el-cementerio-de-praga","status":"publish","type":"product","link":"https:\/\/libreriahistoriasdebolsillo.com\/index.php\/producto\/el-cementerio-de-praga\/","title":{"rendered":"El cementerio de Praga"},"content":{"rendered":"<p>Par\u00eds, 1897. Un hombre escribe sentado frente a una mesa en una habitaci\u00f3n abarrotada de muebles: he aqu\u00ed al capit\u00e1n Simonini, un piamont\u00e9s afincado en la capital francesa, que desde muy joven se dedica al noble arte de crear documentos falsos.<\/p>\n<p>Hombre de pocas palabras, mis\u00f3gino y glot\u00f3n impenitente, el capit\u00e1n se inspira en los folletines de Dumas y Sue para dar fe de complots inexistentes, fomentar intrigas o difamar a las grandes figuras de la pol\u00edtica europea. Caballero sin escr\u00fapulos, Simonini trabaja al servicio del mejor postor: si antes fue el gobierno italiano quien pag\u00f3 por sus imposturas, luego llegaron los encargos de Francia y Prusia, e incluso Hitler acabar\u00eda aprovech\u00e1ndose de sus malvados oficios.<\/p>\n","protected":false},"excerpt":{"rendered":"<p>Umberto Eco<\/p>\n","protected":false},"featured_media":4429,"template":"","meta":{"_joinchat":[]},"product_brand":[],"product_cat":[33],"product_tag":[34],"class_list":{"0":"post-4428","1":"product","2":"type-product","3":"status-publish","4":"has-post-thumbnail","6":"product_cat-ficcion-general","7":"product_tag-penguin-random-house","9":"first","10":"outofstock","11":"shipping-taxable","12":"purchasable","13":"product-type-simple"},"_links":{"self":[{"href":"https:\/\/libreriahistoriasdebolsillo.com\/index.php\/wp-json\/wp\/v2\/product\/4428","targetHints":{"allow":["GET"]}}],"collection":[{"href":"https:\/\/libreriahistoriasdebolsillo.com\/index.php\/wp-json\/wp\/v2\/product"}],"about":[{"href":"https:\/\/libreriahistoriasdebolsillo.com\/index.php\/wp-json\/wp\/v2\/types\/product"}],"wp:featuredmedia":[{"embeddable":true,"href":"https:\/\/libreriahistoriasdebolsillo.com\/index.php\/wp-json\/wp\/v2\/media\/4429"}],"wp:attachment":[{"href":"https:\/\/libreriahistoriasdebolsillo.com\/index.php\/wp-json\/wp\/v2\/media?parent=4428"}],"wp:term":[{"taxonomy":"product_brand","embeddable":true,"href":"https:\/\/libreriahistoriasdebolsillo.com\/index.php\/wp-json\/wp\/v2\/product_brand?post=4428"},{"taxonomy":"product_cat","embeddable":true,"href":"https:\/\/libreriahistoriasdebolsillo.com\/index.php\/wp-json\/wp\/v2\/product_cat?post=4428"},{"taxonomy":"product_tag","embeddable":true,"href":"https:\/\/libreriahistoriasdebolsillo.com\/index.php\/wp-json\/wp\/v2\/product_tag?post=4428"}],"curies":[{"name":"wp","href":"https:\/\/api.w.org\/{rel}","templated":true}]}}