{"id":4430,"date":"2024-04-26T17:13:50","date_gmt":"2024-04-26T23:13:50","guid":{"rendered":"https:\/\/libreriahistoriasdebolsillo.com\/?post_type=product&#038;p=4430"},"modified":"2024-07-01T13:39:42","modified_gmt":"2024-07-01T19:39:42","slug":"el-nombre-de-la-rosa","status":"publish","type":"product","link":"https:\/\/libreriahistoriasdebolsillo.com\/index.php\/producto\/el-nombre-de-la-rosa\/","title":{"rendered":"El nombre de la rosa"},"content":{"rendered":"<p><b>La primera novela y la m\u00e1s emblem\u00e1tica de Umberto Eco.<\/b><\/p>\n<p><b>Editor&#8217;s Choice de\u00a0<i>The New York Times<\/i>\u00a0en 1983 y parte de \u00abLos 100 libros del siglo XX\u00bb del peri\u00f3dico\u00a0<i>Le Monde<\/i>.<\/b><\/p>\n<p><b>Llevada a la gran pantalla en 1986, con Sean Connery como protagonista.<\/b><\/p>\n<p>Vali\u00e9ndose de las caracter\u00edsticas propias de la novela g\u00f3tica, la cr\u00f3nica medieval y la novela polic\u00edaca,\u00a0<i>El nombre de la rosa<\/i>\u00a0narra las actividades detectivescas de\u00a0<b>Guillermo de Baskerville<\/b>, quien busca esclarecer los cr\u00edmenes cometidos en una abad\u00eda benedictina en el a\u00f1o 1327. Le ayudar\u00e1 en su labor el novicio\u00a0<b>Adso de Melk<\/b>, un hombre joven que se enfrenta por primera vez a las realidades de la vida, m\u00e1s all\u00e1 de las puertas del convento.<\/p>\n<p>En esta primera y brillante incursi\u00f3n en el mundo de la narrativa el lector disfrutar\u00e1 de una trama apasionante y de una admirable reconstrucci\u00f3n de una \u00e9poca especialmente conflictiva de la historia de Occidente.<\/p>\n","protected":false},"excerpt":{"rendered":"<p>Umberto Eco<\/p>\n","protected":false},"featured_media":4431,"template":"","meta":{"_joinchat":[]},"product_brand":[],"product_cat":[33],"product_tag":[34],"class_list":{"0":"post-4430","1":"product","2":"type-product","3":"status-publish","4":"has-post-thumbnail","6":"product_cat-ficcion-general","7":"product_tag-penguin-random-house","9":"first","10":"outofstock","11":"shipping-taxable","12":"purchasable","13":"product-type-simple"},"_links":{"self":[{"href":"https:\/\/libreriahistoriasdebolsillo.com\/index.php\/wp-json\/wp\/v2\/product\/4430","targetHints":{"allow":["GET"]}}],"collection":[{"href":"https:\/\/libreriahistoriasdebolsillo.com\/index.php\/wp-json\/wp\/v2\/product"}],"about":[{"href":"https:\/\/libreriahistoriasdebolsillo.com\/index.php\/wp-json\/wp\/v2\/types\/product"}],"wp:featuredmedia":[{"embeddable":true,"href":"https:\/\/libreriahistoriasdebolsillo.com\/index.php\/wp-json\/wp\/v2\/media\/4431"}],"wp:attachment":[{"href":"https:\/\/libreriahistoriasdebolsillo.com\/index.php\/wp-json\/wp\/v2\/media?parent=4430"}],"wp:term":[{"taxonomy":"product_brand","embeddable":true,"href":"https:\/\/libreriahistoriasdebolsillo.com\/index.php\/wp-json\/wp\/v2\/product_brand?post=4430"},{"taxonomy":"product_cat","embeddable":true,"href":"https:\/\/libreriahistoriasdebolsillo.com\/index.php\/wp-json\/wp\/v2\/product_cat?post=4430"},{"taxonomy":"product_tag","embeddable":true,"href":"https:\/\/libreriahistoriasdebolsillo.com\/index.php\/wp-json\/wp\/v2\/product_tag?post=4430"}],"curies":[{"name":"wp","href":"https:\/\/api.w.org\/{rel}","templated":true}]}}